{"id":1011,"date":"2021-01-27T17:33:05","date_gmt":"2021-01-27T16:33:05","guid":{"rendered":"https:\/\/www.bannmuehle.de\/?page_id=1011"},"modified":"2021-07-03T11:22:41","modified_gmt":"2021-07-03T09:22:41","slug":"photovoltaik","status":"publish","type":"page","link":"https:\/\/www.bannmuehle.de\/index.php\/photovoltaik\/","title":{"rendered":"Photovoltaik"},"content":{"rendered":"\t\t<div data-elementor-type=\"wp-page\" data-elementor-id=\"1011\" class=\"elementor elementor-1011\">\n\t\t\t\t\t\t<section class=\"elementor-section elementor-top-section elementor-element elementor-element-e322749 elementor-section-boxed elementor-section-height-default elementor-section-height-default\" data-id=\"e322749\" data-element_type=\"section\">\n\t\t\t\t\t\t<div class=\"elementor-container elementor-column-gap-default\">\n\t\t\t\t\t<div class=\"elementor-column elementor-col-100 elementor-top-column elementor-element elementor-element-1c371a5\" data-id=\"1c371a5\" data-element_type=\"column\">\n\t\t\t<div class=\"elementor-widget-wrap elementor-element-populated\">\n\t\t\t\t\t\t<div class=\"elementor-element elementor-element-caa7414 elementor-widget elementor-widget-text-editor\" data-id=\"caa7414\" data-element_type=\"widget\" data-widget_type=\"text-editor.default\">\n\t\t\t\t<div class=\"elementor-widget-container\">\n\t\t\t\t\t\t\t\t\t<p>Eine 20 kWp &#8211; Photovoltaikanlage auf dem Dach der Kelterei produziert im sonnenreichen Odernheim regenerativen Strom. So werden die Dachfl\u00e4chen der gro\u00dfen Abf\u00fcllhalle genutzt.<\/p>\t\t\t\t\t\t\t\t<\/div>\n\t\t\t\t<\/div>\n\t\t\t\t\t<\/div>\n\t\t<\/div>\n\t\t\t\t\t<\/div>\n\t\t<\/section>\n\t\t\t\t<section class=\"elementor-section elementor-top-section elementor-element elementor-element-fdfa7bc elementor-section-boxed elementor-section-height-default elementor-section-height-default\" data-id=\"fdfa7bc\" data-element_type=\"section\">\n\t\t\t\t\t\t<div class=\"elementor-container elementor-column-gap-default\">\n\t\t\t\t\t<div class=\"elementor-column elementor-col-100 elementor-top-column elementor-element elementor-element-9891408\" data-id=\"9891408\" data-element_type=\"column\">\n\t\t\t<div class=\"elementor-widget-wrap elementor-element-populated\">\n\t\t\t\t\t\t<div class=\"elementor-element elementor-element-7d5590e elementor-widget elementor-widget-image\" data-id=\"7d5590e\" data-element_type=\"widget\" data-widget_type=\"image.default\">\n\t\t\t\t<div class=\"elementor-widget-container\">\n\t\t\t\t\t\t\t\t\t\t\t\t\t\t\t<img fetchpriority=\"high\" decoding=\"async\" width=\"2000\" height=\"1200\" src=\"https:\/\/www.bannmuehle.de\/wp-content\/uploads\/2021\/01\/PV-Anlage-2000x1200.jpg\" class=\"attachment-twentyseventeen-featured-image size-twentyseventeen-featured-image wp-image-1013\" alt=\"\" sizes=\"100vw\" \/>\t\t\t\t\t\t\t\t\t\t\t\t\t\t\t<\/div>\n\t\t\t\t<\/div>\n\t\t\t\t\t<\/div>\n\t\t<\/div>\n\t\t\t\t\t<\/div>\n\t\t<\/section>\n\t\t\t\t<\/div>\n\t\t","protected":false},"excerpt":{"rendered":"<p>Eine 20 kWp &#8211; Photovoltaikanlage auf dem Dach der Kelterei produziert im sonnenreichen Odernheim regenerativen Strom. So werden die Dachfl\u00e4chen der gro\u00dfen Abf\u00fcllhalle genutzt.<\/p>\n","protected":false},"author":2,"featured_media":0,"parent":0,"menu_order":0,"comment_status":"closed","ping_status":"closed","template":"","meta":{"footnotes":""},"_links":{"self":[{"href":"https:\/\/www.bannmuehle.de\/index.php\/wp-json\/wp\/v2\/pages\/1011"}],"collection":[{"href":"https:\/\/www.bannmuehle.de\/index.php\/wp-json\/wp\/v2\/pages"}],"about":[{"href":"https:\/\/www.bannmuehle.de\/index.php\/wp-json\/wp\/v2\/types\/page"}],"author":[{"embeddable":true,"href":"https:\/\/www.bannmuehle.de\/index.php\/wp-json\/wp\/v2\/users\/2"}],"replies":[{"embeddable":true,"href":"https:\/\/www.bannmuehle.de\/index.php\/wp-json\/wp\/v2\/comments?post=1011"}],"version-history":[{"count":10,"href":"https:\/\/www.bannmuehle.de\/index.php\/wp-json\/wp\/v2\/pages\/1011\/revisions"}],"predecessor-version":[{"id":1622,"href":"https:\/\/www.bannmuehle.de\/index.php\/wp-json\/wp\/v2\/pages\/1011\/revisions\/1622"}],"wp:attachment":[{"href":"https:\/\/www.bannmuehle.de\/index.php\/wp-json\/wp\/v2\/media?parent=1011"}],"curies":[{"name":"wp","href":"https:\/\/api.w.org\/{rel}","templated":true}]}}