{"id":1023,"date":"2021-01-27T17:43:44","date_gmt":"2021-01-27T16:43:44","guid":{"rendered":"https:\/\/www.bannmuehle.de\/?page_id=1023"},"modified":"2021-01-27T17:52:28","modified_gmt":"2021-01-27T16:52:28","slug":"holzhackschnitzel-heizung","status":"publish","type":"page","link":"https:\/\/www.bannmuehle.de\/index.php\/holzhackschnitzel-heizung\/","title":{"rendered":"Holzhackschnitzel-Heizung"},"content":{"rendered":"\t\t<div data-elementor-type=\"wp-page\" data-elementor-id=\"1023\" class=\"elementor elementor-1023\">\n\t\t\t\t\t\t<section class=\"elementor-section elementor-top-section elementor-element elementor-element-44a6acc elementor-section-boxed elementor-section-height-default elementor-section-height-default\" data-id=\"44a6acc\" data-element_type=\"section\">\n\t\t\t\t\t\t<div class=\"elementor-container elementor-column-gap-default\">\n\t\t\t\t\t<div class=\"elementor-column elementor-col-100 elementor-top-column elementor-element elementor-element-803e5e3\" data-id=\"803e5e3\" data-element_type=\"column\">\n\t\t\t<div class=\"elementor-widget-wrap elementor-element-populated\">\n\t\t\t\t\t\t<div class=\"elementor-element elementor-element-d788dd9 elementor-widget elementor-widget-text-editor\" data-id=\"d788dd9\" data-element_type=\"widget\" data-widget_type=\"text-editor.default\">\n\t\t\t\t<div class=\"elementor-widget-container\">\n\t\t\t\t\t\t\t\t\t<div>Auf der Bannm\u00fchle gibt es neben dem Tagungshaus und den G\u00e4stezimmern 13 Wohnungen. Alle werden \u00fcber eine zentrale Holzhackschnitzelheizung versorgt. Diese stellt warmes Wasser f\u00fcr die Heizung und warmes Brauchwasser her.<\/div><div>Das Holz stammt von unseren eigenen L\u00e4ndereien. Au\u00dferdem sorgen auch alte Apfelb\u00e4ume aus den Obstanlagen und Treibgut aus dem Glan f\u00fcr wohlige W\u00e4rme.<\/div>\t\t\t\t\t\t\t\t<\/div>\n\t\t\t\t<\/div>\n\t\t\t\t\t<\/div>\n\t\t<\/div>\n\t\t\t\t\t<\/div>\n\t\t<\/section>\n\t\t\t\t<section class=\"elementor-section elementor-top-section elementor-element elementor-element-76ff434 elementor-section-boxed elementor-section-height-default elementor-section-height-default\" data-id=\"76ff434\" data-element_type=\"section\">\n\t\t\t\t\t\t<div class=\"elementor-container elementor-column-gap-default\">\n\t\t\t\t\t<div class=\"elementor-column elementor-col-100 elementor-top-column elementor-element elementor-element-cee77a9\" data-id=\"cee77a9\" data-element_type=\"column\">\n\t\t\t<div class=\"elementor-widget-wrap elementor-element-populated\">\n\t\t\t\t\t\t<div class=\"elementor-element elementor-element-2d3551a elementor-widget elementor-widget-image\" data-id=\"2d3551a\" data-element_type=\"widget\" data-widget_type=\"image.default\">\n\t\t\t\t<div class=\"elementor-widget-container\">\n\t\t\t\t\t\t\t\t\t\t\t\t\t\t\t<img fetchpriority=\"high\" decoding=\"async\" width=\"525\" height=\"295\" src=\"https:\/\/www.bannmuehle.de\/wp-content\/uploads\/2021\/01\/IMG_20201119_105701-1024x576.jpg\" class=\"attachment-large size-large wp-image-1025\" alt=\"\" srcset=\"https:\/\/www.bannmuehle.de\/wp-content\/uploads\/2021\/01\/IMG_20201119_105701-1024x576.jpg 1024w, https:\/\/www.bannmuehle.de\/wp-content\/uploads\/2021\/01\/IMG_20201119_105701-300x169.jpg 300w, https:\/\/www.bannmuehle.de\/wp-content\/uploads\/2021\/01\/IMG_20201119_105701-768x432.jpg 768w, https:\/\/www.bannmuehle.de\/wp-content\/uploads\/2021\/01\/IMG_20201119_105701-1536x864.jpg 1536w, https:\/\/www.bannmuehle.de\/wp-content\/uploads\/2021\/01\/IMG_20201119_105701-2048x1152.jpg 2048w\" sizes=\"100vw\" \/>\t\t\t\t\t\t\t\t\t\t\t\t\t\t\t<\/div>\n\t\t\t\t<\/div>\n\t\t\t\t\t<\/div>\n\t\t<\/div>\n\t\t\t\t\t<\/div>\n\t\t<\/section>\n\t\t\t\t<\/div>\n\t\t","protected":false},"excerpt":{"rendered":"<p>Auf der Bannm\u00fchle gibt es neben dem Tagungshaus und den G\u00e4stezimmern 13 Wohnungen. Alle werden \u00fcber eine zentrale Holzhackschnitzelheizung versorgt. Diese stellt warmes Wasser f\u00fcr die Heizung und warmes Brauchwasser her.Das Holz stammt von unseren eigenen L\u00e4ndereien. Au\u00dferdem sorgen auch alte Apfelb\u00e4ume aus den Obstanlagen und Treibgut aus dem Glan f\u00fcr wohlige W\u00e4rme.<\/p>\n","protected":false},"author":2,"featured_media":0,"parent":0,"menu_order":0,"comment_status":"closed","ping_status":"closed","template":"","meta":{"footnotes":""},"_links":{"self":[{"href":"https:\/\/www.bannmuehle.de\/index.php\/wp-json\/wp\/v2\/pages\/1023"}],"collection":[{"href":"https:\/\/www.bannmuehle.de\/index.php\/wp-json\/wp\/v2\/pages"}],"about":[{"href":"https:\/\/www.bannmuehle.de\/index.php\/wp-json\/wp\/v2\/types\/page"}],"author":[{"embeddable":true,"href":"https:\/\/www.bannmuehle.de\/index.php\/wp-json\/wp\/v2\/users\/2"}],"replies":[{"embeddable":true,"href":"https:\/\/www.bannmuehle.de\/index.php\/wp-json\/wp\/v2\/comments?post=1023"}],"version-history":[{"count":4,"href":"https:\/\/www.bannmuehle.de\/index.php\/wp-json\/wp\/v2\/pages\/1023\/revisions"}],"predecessor-version":[{"id":1028,"href":"https:\/\/www.bannmuehle.de\/index.php\/wp-json\/wp\/v2\/pages\/1023\/revisions\/1028"}],"wp:attachment":[{"href":"https:\/\/www.bannmuehle.de\/index.php\/wp-json\/wp\/v2\/media?parent=1023"}],"curies":[{"name":"wp","href":"https:\/\/api.w.org\/{rel}","templated":true}]}}