{"id":1030,"date":"2021-01-28T09:37:57","date_gmt":"2021-01-28T08:37:57","guid":{"rendered":"https:\/\/www.bannmuehle.de\/?page_id=1030"},"modified":"2024-02-29T12:22:02","modified_gmt":"2024-02-29T11:22:02","slug":"mitarbeiten","status":"publish","type":"page","link":"https:\/\/www.bannmuehle.de\/index.php\/mitarbeiten\/","title":{"rendered":"Lernen und Mitarbeit"},"content":{"rendered":"\t\t<div data-elementor-type=\"wp-page\" data-elementor-id=\"1030\" class=\"elementor elementor-1030\">\n\t\t\t\t\t\t<section class=\"elementor-section elementor-top-section elementor-element elementor-element-014a4a9 elementor-section-boxed elementor-section-height-default elementor-section-height-default\" data-id=\"014a4a9\" data-element_type=\"section\">\n\t\t\t\t\t\t<div class=\"elementor-container elementor-column-gap-default\">\n\t\t\t\t\t<div class=\"elementor-column elementor-col-100 elementor-top-column elementor-element elementor-element-9f1b8ef\" data-id=\"9f1b8ef\" data-element_type=\"column\">\n\t\t\t<div class=\"elementor-widget-wrap elementor-element-populated\">\n\t\t\t\t\t\t<div class=\"elementor-element elementor-element-0f53527 elementor-widget elementor-widget-text-editor\" data-id=\"0f53527\" data-element_type=\"widget\" data-widget_type=\"text-editor.default\">\n\t\t\t\t<div class=\"elementor-widget-container\">\n\t\t\t\t\t\t\t\t\t<h2>WWOOF (World wide opportunities on organic farms)<\/h2><p><span style=\"font-family: Baskervville;\"><a href=\"https:\/\/wwoof.de\">https:\/\/wwoof.de<\/a><br \/><\/span><\/p><p><span style=\"font-family: Baskervville;\">Seit einiger Zeit gibt es bei uns Bestrebungen, unsere Landwirtschaft regenerativer zu gestalten. Auf Basis meiner Recherchen und Lernerfahrungen von Darren Doherty habe ich mich in Keyline Planung, Agroforstwirtschaft und intensive Kompostbearbeitung eingearbeitet. Das Ganze hat unser wirtschaften hier auf der\u00a0 Bannm\u00fchle ver\u00e4ndert. Wir denken jetzt regenerativer und versuchen, m\u00f6glichst an allen Stellen auf unserem Hof Kreisl\u00e4ufe zu etablieren.<\/span><\/p><p><span style=\"font-family: Baskervville;\">Deshalb haben wir begonnen, auf einer unserer am Hang gelegenen Weidefl\u00e4chen Wiesengr\u00e4ben und zugeh\u00f6rige Baumpflanzungen (Edelkastanie, Eiche, Erle, Ulme, Linde, u.v.m.) sowie eine Futterhecke entlang der H\u00f6henlinien anzulegen. Durch diese Methode verringern wir den Wasserabfluss auf der Fl\u00e4che und wirken der Hochwassergefahr im Ort entgegen. Gleichzeitig wird die Fl\u00e4che fruchtbarer, da das Wasser entlang der H\u00f6henlinien in der Landschaft verteilt und somit den Pflanzen zu Gute kommt. Das Projekt wird vom IFAS-Institut f\u00fcr angewandtes Stoffstrommanagement im Rahmen des &#8222;eva&#8220; &#8211; Entwicklung von Agroforstsystemen &#8211; Projekts wissenschaftlich begleitet und unterst\u00fctzt.<\/span><\/p><p><span style=\"font-family: Baskervville;\">In der Freizeit sind Kanu-, Rad- und Wandertouren durch die wundersch\u00f6ne Naturlandschaft (Naturpark Soonwald-Nahe) m\u00f6glich.<\/span><\/p><p><span style=\"font-family: Baskervville;\">Der\/die WOOFer\/in sollte l\u00e4ngerfristig auf unserem Hof mitarbeiten. In den Monaten September und Oktober ist auch eine kurzfristige Mitarbeit m\u00f6glich.<\/span><\/p><p><span style=\"font-family: Baskervville;\"><u>Kontakt:<\/u> Hans Pfeffer, Bannm\u00fchle, 55571 Odernheim, Tel.: 06755-1053, <a href=\"mailto:info@bannmuehle.de\">info@bannmuehle.de<\/a><\/span><\/p>\t\t\t\t\t\t\t\t<\/div>\n\t\t\t\t<\/div>\n\t\t\t\t\t<\/div>\n\t\t<\/div>\n\t\t\t\t\t<\/div>\n\t\t<\/section>\n\t\t\t\t<section class=\"elementor-section elementor-top-section elementor-element elementor-element-19cfbe7 elementor-section-boxed elementor-section-height-default elementor-section-height-default\" data-id=\"19cfbe7\" data-element_type=\"section\">\n\t\t\t\t\t\t<div class=\"elementor-container elementor-column-gap-default\">\n\t\t\t\t\t<div class=\"elementor-column elementor-col-100 elementor-top-column elementor-element elementor-element-d411ca5\" data-id=\"d411ca5\" data-element_type=\"column\">\n\t\t\t<div class=\"elementor-widget-wrap elementor-element-populated\">\n\t\t\t\t\t\t<div class=\"elementor-element elementor-element-f6a40fb elementor-widget elementor-widget-heading\" data-id=\"f6a40fb\" data-element_type=\"widget\" data-widget_type=\"heading.default\">\n\t\t\t\t<div class=\"elementor-widget-container\">\n\t\t\t\t\t<h2 class=\"elementor-heading-title elementor-size-default\">Praktikant*innen \/ Erntehelfer*innen gesucht<\/h2>\t\t\t\t<\/div>\n\t\t\t\t<\/div>\n\t\t\t\t\t<\/div>\n\t\t<\/div>\n\t\t\t\t\t<\/div>\n\t\t<\/section>\n\t\t\t\t<section class=\"elementor-section elementor-top-section elementor-element elementor-element-1c7b672 elementor-section-boxed elementor-section-height-default elementor-section-height-default\" data-id=\"1c7b672\" data-element_type=\"section\">\n\t\t\t\t\t\t<div class=\"elementor-container elementor-column-gap-default\">\n\t\t\t\t\t<div class=\"elementor-column elementor-col-100 elementor-top-column elementor-element elementor-element-1be6614\" data-id=\"1be6614\" data-element_type=\"column\">\n\t\t\t<div class=\"elementor-widget-wrap elementor-element-populated\">\n\t\t\t\t\t\t<div class=\"elementor-element elementor-element-bb7fbed elementor-widget elementor-widget-text-editor\" data-id=\"bb7fbed\" data-element_type=\"widget\" data-widget_type=\"text-editor.default\">\n\t\t\t\t<div class=\"elementor-widget-container\">\n\t\t\t\t\t\t\t\t\t<p>Es ist au\u00dferdem m\u00f6glich, als Praktikant*in in einem\u00a0 mehrw\u00f6chigen Praktikum z.B.\u00a0 im Rahmen eines Hochschulstudiums bei uns mitzuarbeiten. <br \/>In den Monaten September bis November sind wir auch immer auf der Suche nach Erntehelfer*innen\/Aushilfen.<br \/><u>Kontakt:<\/u> Hans Pfeffer, Bannm\u00fchle, 55571 Odernheim, Tel.: 06755-1053, <a href=\"mailto:info@bannmuehle.de\">info@bannmuehle.de<\/a><\/p>\t\t\t\t\t\t\t\t<\/div>\n\t\t\t\t<\/div>\n\t\t\t\t\t<\/div>\n\t\t<\/div>\n\t\t\t\t\t<\/div>\n\t\t<\/section>\n\t\t\t\t<section class=\"elementor-section elementor-top-section elementor-element elementor-element-3b7f62c elementor-section-boxed elementor-section-height-default elementor-section-height-default\" data-id=\"3b7f62c\" data-element_type=\"section\">\n\t\t\t\t\t\t<div class=\"elementor-container elementor-column-gap-default\">\n\t\t\t\t\t<div class=\"elementor-column elementor-col-100 elementor-top-column elementor-element elementor-element-1fb98f1\" data-id=\"1fb98f1\" data-element_type=\"column\">\n\t\t\t<div class=\"elementor-widget-wrap elementor-element-populated\">\n\t\t\t\t\t\t<div class=\"elementor-element elementor-element-d22f956 elementor-widget elementor-widget-heading\" data-id=\"d22f956\" data-element_type=\"widget\" data-widget_type=\"heading.default\">\n\t\t\t\t<div class=\"elementor-widget-container\">\n\t\t\t\t\t<h2 class=\"elementor-heading-title elementor-size-default\">Die Bannm\u00fchle sucht eine\/n Hofnachfolger\/in<\/h2>\t\t\t\t<\/div>\n\t\t\t\t<\/div>\n\t\t\t\t\t<\/div>\n\t\t<\/div>\n\t\t\t\t\t<\/div>\n\t\t<\/section>\n\t\t\t\t<section class=\"elementor-section elementor-top-section elementor-element elementor-element-51e71f2 elementor-section-boxed elementor-section-height-default elementor-section-height-default\" data-id=\"51e71f2\" data-element_type=\"section\">\n\t\t\t\t\t\t<div class=\"elementor-container elementor-column-gap-default\">\n\t\t\t\t\t<div class=\"elementor-column elementor-col-100 elementor-top-column elementor-element elementor-element-be876a6\" data-id=\"be876a6\" data-element_type=\"column\">\n\t\t\t<div class=\"elementor-widget-wrap elementor-element-populated\">\n\t\t\t\t\t\t<div class=\"elementor-element elementor-element-494607d elementor-widget elementor-widget-text-editor\" data-id=\"494607d\" data-element_type=\"widget\" data-widget_type=\"text-editor.default\">\n\t\t\t\t<div class=\"elementor-widget-container\">\n\t\t\t\t\t\t\t\t\t<p>Hier gehts zur Beschreibung: <a href=\"https:\/\/www.bannmuehle.de\/wp-content\/uploads\/2024\/02\/Hofnachfolge.pdf\">Hofnachfolge<\/a><\/p>\t\t\t\t\t\t\t\t<\/div>\n\t\t\t\t<\/div>\n\t\t\t\t\t<\/div>\n\t\t<\/div>\n\t\t\t\t\t<\/div>\n\t\t<\/section>\n\t\t\t\t<\/div>\n\t\t","protected":false},"excerpt":{"rendered":"<p>WWOOF (World wide opportunities on organic farms) https:\/\/wwoof.de Seit einiger Zeit gibt es bei uns Bestrebungen, unsere Landwirtschaft regenerativer zu gestalten. Auf Basis meiner Recherchen und Lernerfahrungen von Darren Doherty habe ich mich in Keyline Planung, Agroforstwirtschaft und intensive Kompostbearbeitung eingearbeitet. Das Ganze hat unser wirtschaften hier auf der\u00a0 Bannm\u00fchle ver\u00e4ndert. Wir denken jetzt regenerativer &hellip; <\/p>\n<p class=\"link-more\"><a href=\"https:\/\/www.bannmuehle.de\/index.php\/mitarbeiten\/\" class=\"more-link\"><span class=\"screen-reader-text\">\u201eLernen und Mitarbeit\u201c<\/span> weiterlesen<\/a><\/p>\n","protected":false},"author":2,"featured_media":0,"parent":0,"menu_order":0,"comment_status":"closed","ping_status":"closed","template":"","meta":{"footnotes":""},"_links":{"self":[{"href":"https:\/\/www.bannmuehle.de\/index.php\/wp-json\/wp\/v2\/pages\/1030"}],"collection":[{"href":"https:\/\/www.bannmuehle.de\/index.php\/wp-json\/wp\/v2\/pages"}],"about":[{"href":"https:\/\/www.bannmuehle.de\/index.php\/wp-json\/wp\/v2\/types\/page"}],"author":[{"embeddable":true,"href":"https:\/\/www.bannmuehle.de\/index.php\/wp-json\/wp\/v2\/users\/2"}],"replies":[{"embeddable":true,"href":"https:\/\/www.bannmuehle.de\/index.php\/wp-json\/wp\/v2\/comments?post=1030"}],"version-history":[{"count":127,"href":"https:\/\/www.bannmuehle.de\/index.php\/wp-json\/wp\/v2\/pages\/1030\/revisions"}],"predecessor-version":[{"id":2465,"href":"https:\/\/www.bannmuehle.de\/index.php\/wp-json\/wp\/v2\/pages\/1030\/revisions\/2465"}],"wp:attachment":[{"href":"https:\/\/www.bannmuehle.de\/index.php\/wp-json\/wp\/v2\/media?parent=1030"}],"curies":[{"name":"wp","href":"https:\/\/api.w.org\/{rel}","templated":true}]}}