{"id":226,"date":"2020-06-06T15:02:55","date_gmt":"2020-06-06T13:02:55","guid":{"rendered":"https:\/\/bannmuehle.wholewildworld.de\/?page_id=226"},"modified":"2022-05-17T21:41:10","modified_gmt":"2022-05-17T19:41:10","slug":"lage-und-region","status":"publish","type":"page","link":"https:\/\/www.bannmuehle.de\/index.php\/lage-und-region\/","title":{"rendered":"Lage und Region"},"content":{"rendered":"\t\t<div data-elementor-type=\"wp-page\" data-elementor-id=\"226\" class=\"elementor elementor-226\">\n\t\t\t\t\t\t<section class=\"elementor-section elementor-top-section elementor-element elementor-element-2502e337 elementor-section-full_width elementor-section-height-default elementor-section-height-default\" data-id=\"2502e337\" data-element_type=\"section\">\n\t\t\t\t\t\t<div class=\"elementor-container elementor-column-gap-default\">\n\t\t\t\t\t<div class=\"elementor-column elementor-col-100 elementor-top-column elementor-element elementor-element-1870f7fb\" data-id=\"1870f7fb\" data-element_type=\"column\">\n\t\t\t<div class=\"elementor-widget-wrap elementor-element-populated\">\n\t\t\t\t\t\t<div class=\"elementor-element elementor-element-1b494300 elementor-widget elementor-widget-text-editor\" data-id=\"1b494300\" data-element_type=\"widget\" data-widget_type=\"text-editor.default\">\n\t\t\t\t<div class=\"elementor-widget-container\">\n\t\t\t\t\t\t\t\t\t\n<h2>Odernheim\/Glan<\/h2>\n\n<p>Odernheim ist eine schmucke Wohngemeinde mit ca. 1900 Einwohnern und einer ausgezeichneten Infrastruktur. Odernheim selbst, die Natur und viele touristische Besonderheiten in der n\u00e4heren Umgebung garantieren Ihnen einen interessanten und erholsamen Aufenthalt. Dazu tragen auch die vielen Freizeitm\u00f6glichkeiten bei. Sei es das Angeln am Glan, eine Wanderung durch Wald, Wiesen und Weinberge, eine Kanufahrt oder Tennis. Ein Erlebnis f\u00fcr alle Radfahrer sind die herrlichen Radwege entlang Nahe und Glan. Eine gute Gastronomie und Winzer sorgen f\u00fcr Ihr leibliches Wohl. Aber auch als Selbstversorger haben Sie mit Metzger, B\u00e4cker und Lebensmittelgesch\u00e4ften die Auswahl vor Ort.<\/p>\n\t\t\t\t\t\t\t\t<\/div>\n\t\t\t\t<\/div>\n\t\t\t\t<div class=\"elementor-element elementor-element-84cd866 elementor-widget elementor-widget-image\" data-id=\"84cd866\" data-element_type=\"widget\" data-widget_type=\"image.default\">\n\t\t\t\t<div class=\"elementor-widget-container\">\n\t\t\t\t\t\t\t\t\t\t\t\t<figure class=\"wp-caption\">\n\t\t\t\t\t\t\t\t\t\t\t<a href=\"https:\/\/www.bannmuehle.de\/wp-content\/uploads\/2020\/06\/DJI_0524-Pano-scaled.jpg\" data-elementor-open-lightbox=\"no\">\n\t\t\t\t\t\t\t<img fetchpriority=\"high\" decoding=\"async\" width=\"2560\" height=\"584\" src=\"https:\/\/www.bannmuehle.de\/wp-content\/uploads\/2020\/06\/DJI_0524-Pano-scaled.jpg\" class=\"attachment-full size-full wp-image-243\" alt=\"\" srcset=\"https:\/\/www.bannmuehle.de\/wp-content\/uploads\/2020\/06\/DJI_0524-Pano-scaled.jpg 2560w, https:\/\/www.bannmuehle.de\/wp-content\/uploads\/2020\/06\/DJI_0524-Pano-scaled-250x57.jpg 250w, https:\/\/www.bannmuehle.de\/wp-content\/uploads\/2020\/06\/DJI_0524-Pano-scaled-350x80.jpg 350w, https:\/\/www.bannmuehle.de\/wp-content\/uploads\/2020\/06\/DJI_0524-Pano-300x68.jpg 300w, https:\/\/www.bannmuehle.de\/wp-content\/uploads\/2020\/06\/DJI_0524-Pano-1024x234.jpg 1024w, https:\/\/www.bannmuehle.de\/wp-content\/uploads\/2020\/06\/DJI_0524-Pano-768x175.jpg 768w, https:\/\/www.bannmuehle.de\/wp-content\/uploads\/2020\/06\/DJI_0524-Pano-1536x350.jpg 1536w, https:\/\/www.bannmuehle.de\/wp-content\/uploads\/2020\/06\/DJI_0524-Pano-2048x467.jpg 2048w\" sizes=\"100vw\" \/>\t\t\t\t\t\t\t\t<\/a>\n\t\t\t\t\t\t\t\t\t\t\t<figcaption class=\"widget-image-caption wp-caption-text\">Odernheim<\/figcaption>\n\t\t\t\t\t\t\t\t\t\t<\/figure>\n\t\t\t\t\t\t\t\t\t<\/div>\n\t\t\t\t<\/div>\n\t\t\t\t<div class=\"elementor-element elementor-element-b3965ab elementor-widget elementor-widget-text-editor\" data-id=\"b3965ab\" data-element_type=\"widget\" data-widget_type=\"text-editor.default\">\n\t\t\t\t<div class=\"elementor-widget-container\">\n\t\t\t\t\t\t\t\t\t<h2>Die Region<\/h2>\n<p>Das Erholungsgebiet Bad Sobernheim bestehend aus 19 Ortsgemeinden mit ca. 19000 Einwohnern, liegt zentral zwischen Rhein, Mosel und Saar an der mittleren Nahe und den S\u00fcdh\u00e4ngen des Hunsr\u00fcck\/Soonwaldes. Das bekannte Radon-Bad Kreuznach (20km) und die Edelsteinmetropole Idar-Oberstein (30km) sind von hier schnell und bequem zu erreichen.Die Region zeichnet sich durch ein mildes Reizklima aus. Viele sonnige Tage, ein ausgedehnter Herbst und ein milder Winter tragen dazu bei, dass das Gebiet zu den sonnigsten Regionen S\u00fcdwestdeutschlands z\u00e4hlt. Die Mittelgebirgslandschaft wechselt zwischen steilen Rebh\u00e4ngen, T\u00e4lern und Felsgruppen. Der wildreiche Soonwald, ein zusammenh\u00e4ngendes H\u00f6hen- und Waldgebiet, das sich von Bingen aus in s\u00fcdwestlicher Richtung \u00fcber eine L\u00e4nge von 30km erstreckt, ist ein ideales Wandergebiet.<\/p>\n<p>Die Kulturlandschaft des Nahetales wird durch Weinberge, W\u00e4lder, Burgen, Schl\u00f6sser und andere historische Bauwerke gepr\u00e4gt, so z.B. die Klosterruine auf dem Disibodenberg, der von Odernheim nur einige Geh-Minuten entfernt liegt. Mit einer Fl\u00e4che von ca. 4500ha Rebland geh\u00f6rt das Naheland zu den bekanntesten Weinbaugebieten.<\/p>\t\t\t\t\t\t\t\t<\/div>\n\t\t\t\t<\/div>\n\t\t\t\t<div class=\"elementor-element elementor-element-661ddc7 elementor-arrows-position-inside elementor-pagination-position-outside elementor-widget elementor-widget-image-carousel\" data-id=\"661ddc7\" data-element_type=\"widget\" data-settings=\"{&quot;slides_to_show&quot;:&quot;1&quot;,&quot;navigation&quot;:&quot;both&quot;,&quot;autoplay&quot;:&quot;yes&quot;,&quot;pause_on_hover&quot;:&quot;yes&quot;,&quot;pause_on_interaction&quot;:&quot;yes&quot;,&quot;autoplay_speed&quot;:5000,&quot;infinite&quot;:&quot;yes&quot;,&quot;effect&quot;:&quot;slide&quot;,&quot;speed&quot;:500}\" data-widget_type=\"image-carousel.default\">\n\t\t\t\t<div class=\"elementor-widget-container\">\n\t\t\t\t\t\t\t<div class=\"elementor-image-carousel-wrapper swiper\" role=\"region\" aria-roledescription=\"carousel\" aria-label=\"Bild Karussell\" dir=\"ltr\">\n\t\t\t<div class=\"elementor-image-carousel swiper-wrapper\" aria-live=\"off\">\n\t\t\t\t\t\t\t\t<div class=\"swiper-slide\" role=\"group\" aria-roledescription=\"slide\" aria-label=\"1 von 5\"><a data-elementor-open-lightbox=\"yes\" data-elementor-lightbox-slideshow=\"661ddc7\" data-elementor-lightbox-title=\"Merxheim\" data-e-action-hash=\"#elementor-action%3Aaction%3Dlightbox%26settings%3DeyJpZCI6MjQ2LCJ1cmwiOiJodHRwczpcL1wvd3d3LmJhbm5tdWVobGUuZGVcL3dwLWNvbnRlbnRcL3VwbG9hZHNcLzIwMjBcLzA2XC9ESklfMDE2OS0yLXNjYWxlZC5qcGciLCJzbGlkZXNob3ciOiI2NjFkZGM3In0%3D\" href=\"https:\/\/www.bannmuehle.de\/wp-content\/uploads\/2020\/06\/DJI_0169-2-scaled.jpg\"><figure class=\"swiper-slide-inner\"><img decoding=\"async\" class=\"swiper-slide-image\" src=\"https:\/\/www.bannmuehle.de\/wp-content\/uploads\/2020\/06\/DJI_0169-2-1024x576.jpg\" alt=\"Merxheim\" \/><figcaption class=\"elementor-image-carousel-caption\">Merxheim<\/figcaption><\/figure><\/a><\/div><div class=\"swiper-slide\" role=\"group\" aria-roledescription=\"slide\" aria-label=\"2 von 5\"><a data-elementor-open-lightbox=\"yes\" data-elementor-lightbox-slideshow=\"661ddc7\" data-elementor-lightbox-title=\"Wanderweg in Martinstein\" data-e-action-hash=\"#elementor-action%3Aaction%3Dlightbox%26settings%3DeyJpZCI6MjQ1LCJ1cmwiOiJodHRwczpcL1wvd3d3LmJhbm5tdWVobGUuZGVcL3dwLWNvbnRlbnRcL3VwbG9hZHNcLzIwMjBcLzA2XC9EU0MwNjQ4MS1zY2FsZWQuanBnIiwic2xpZGVzaG93IjoiNjYxZGRjNyJ9\" href=\"https:\/\/www.bannmuehle.de\/wp-content\/uploads\/2020\/06\/DSC06481-scaled.jpg\"><figure class=\"swiper-slide-inner\"><img decoding=\"async\" class=\"swiper-slide-image\" src=\"https:\/\/www.bannmuehle.de\/wp-content\/uploads\/2020\/06\/DSC06481-1024x576.jpg\" alt=\"Wanderweg in Martinstein\" \/><figcaption class=\"elementor-image-carousel-caption\">Wanderweg in Martinstein<\/figcaption><\/figure><\/a><\/div><div class=\"swiper-slide\" role=\"group\" aria-roledescription=\"slide\" aria-label=\"3 von 5\"><a data-elementor-open-lightbox=\"yes\" data-elementor-lightbox-slideshow=\"661ddc7\" data-elementor-lightbox-title=\"Bad Kreuznach\" data-e-action-hash=\"#elementor-action%3Aaction%3Dlightbox%26settings%3DeyJpZCI6MjQ3LCJ1cmwiOiJodHRwczpcL1wvd3d3LmJhbm5tdWVobGUuZGVcL3dwLWNvbnRlbnRcL3VwbG9hZHNcLzIwMjBcLzA2XC9ESklfMDAyMC1zY2FsZWQuanBnIiwic2xpZGVzaG93IjoiNjYxZGRjNyJ9\" href=\"https:\/\/www.bannmuehle.de\/wp-content\/uploads\/2020\/06\/DJI_0020-scaled.jpg\"><figure class=\"swiper-slide-inner\"><img decoding=\"async\" class=\"swiper-slide-image\" src=\"https:\/\/www.bannmuehle.de\/wp-content\/uploads\/2020\/06\/DJI_0020-1024x576.jpg\" alt=\"Bad Kreuznach\" \/><figcaption class=\"elementor-image-carousel-caption\">Bad Kreuznach<\/figcaption><\/figure><\/a><\/div><div class=\"swiper-slide\" role=\"group\" aria-roledescription=\"slide\" aria-label=\"4 von 5\"><a data-elementor-open-lightbox=\"yes\" data-elementor-lightbox-slideshow=\"661ddc7\" data-elementor-lightbox-title=\"Freilichtmuseum Bad Sobernheim\" data-e-action-hash=\"#elementor-action%3Aaction%3Dlightbox%26settings%3DeyJpZCI6MjUxLCJ1cmwiOiJodHRwczpcL1wvd3d3LmJhbm5tdWVobGUuZGVcL3dwLWNvbnRlbnRcL3VwbG9hZHNcLzIwMjBcLzA2XC9JTUdfNzYxNi1zY2FsZWQuanBnIiwic2xpZGVzaG93IjoiNjYxZGRjNyJ9\" href=\"https:\/\/www.bannmuehle.de\/wp-content\/uploads\/2020\/06\/IMG_7616-scaled.jpg\"><figure class=\"swiper-slide-inner\"><img decoding=\"async\" class=\"swiper-slide-image\" src=\"https:\/\/www.bannmuehle.de\/wp-content\/uploads\/2020\/06\/IMG_7616-1024x576.jpg\" alt=\"Freilichtmuseum Bad Sobernheim\" \/><figcaption class=\"elementor-image-carousel-caption\">Freilichtmuseum Bad Sobernheim<\/figcaption><\/figure><\/a><\/div><div class=\"swiper-slide\" role=\"group\" aria-roledescription=\"slide\" aria-label=\"5 von 5\"><a data-elementor-open-lightbox=\"yes\" data-elementor-lightbox-slideshow=\"661ddc7\" data-elementor-lightbox-title=\"Abendveranstaltung in Merxheim\" data-e-action-hash=\"#elementor-action%3Aaction%3Dlightbox%26settings%3DeyJpZCI6MjU2LCJ1cmwiOiJodHRwczpcL1wvd3d3LmJhbm5tdWVobGUuZGVcL3dwLWNvbnRlbnRcL3VwbG9hZHNcLzIwMjBcLzA2XC9JTUdfMTYxNy0xLXNjYWxlZC5qcGciLCJzbGlkZXNob3ciOiI2NjFkZGM3In0%3D\" href=\"https:\/\/www.bannmuehle.de\/wp-content\/uploads\/2020\/06\/IMG_1617-1-scaled.jpg\"><figure class=\"swiper-slide-inner\"><img decoding=\"async\" class=\"swiper-slide-image\" src=\"https:\/\/www.bannmuehle.de\/wp-content\/uploads\/2020\/06\/IMG_1617-1-1024x576.jpg\" alt=\"Abendveranstaltung in Merxheim\" \/><figcaption class=\"elementor-image-carousel-caption\">Abendveranstaltung in Merxheim<\/figcaption><\/figure><\/a><\/div>\t\t\t<\/div>\n\t\t\t\t\t\t\t\t\t\t\t\t<div class=\"elementor-swiper-button elementor-swiper-button-prev\" role=\"button\" tabindex=\"0\">\n\t\t\t\t\t\t<i aria-hidden=\"true\" class=\"eicon-chevron-left\"><\/i>\t\t\t\t\t<\/div>\n\t\t\t\t\t<div class=\"elementor-swiper-button elementor-swiper-button-next\" role=\"button\" tabindex=\"0\">\n\t\t\t\t\t\t<i aria-hidden=\"true\" class=\"eicon-chevron-right\"><\/i>\t\t\t\t\t<\/div>\n\t\t\t\t\n\t\t\t\t\t\t\t\t\t<div class=\"swiper-pagination\"><\/div>\n\t\t\t\t\t\t\t\t\t<\/div>\n\t\t\t\t\t\t<\/div>\n\t\t\t\t<\/div>\n\t\t\t\t<div class=\"elementor-element elementor-element-a746f20 elementor-widget elementor-widget-text-editor\" data-id=\"a746f20\" data-element_type=\"widget\" data-widget_type=\"text-editor.default\">\n\t\t\t\t<div class=\"elementor-widget-container\">\n\t\t\t\t\t\t\t\t\t<p>Eine kleine Auswahl an Ausflugszielen:<\/p>\n<ul>\n<li style=\"list-style-type: none;\">\n<ul>\n<li>Auen: Anerkannter Erholungsort, Freizeitanlage<\/li>\n<li>Bad Kreuznach: \u00c4ltestes Radon-Solbad der Welt, Kurhaus, Kurpark, Br\u00fcckenh\u00e4user<\/li>\n<li>Bad Sobernheim: Freilichtmuseum f\u00fcr Rheinland-Pfalz, Barfu\u00dfpfad<\/li>\n<li>Bad M\u00fcnster am Stein-Ebernburg: Bekanntes Thermal-Sole-Radium-Bad, Kurpark mit Kurkonzerten, Rotenfelsmassiv ( h\u00f6chste Steilwand n\u00f6rdlich der Alpen), Burg Ebernburg<\/li>\n<li>Bingen\/ Rhein: Rheinpromenade, Schiffsausfl\u00fcge, M\u00e4useturm<\/li>\n<li>Idar-Oberstein: Deutschlands Edelstein-Metropole, Felsenkirche, Schloss Oberstein<\/li>\n<li>Kirn: Ruine Kyrburg, Rathaus( Piaristen-Kloster), Fachwerkh\u00e4user, &#8222;Oberhauser Dolomiten&#8220;<\/li>\n<li>Meisenheim\/Glan: Mittelalterliches Stadtbild mit wehrhaften Stadtmauern, T\u00fcrmen und alten Adelsh\u00f6fen<\/li>\n<li>Monzingen: Anerkannter Erholungsort und angesehener alter Weinort keltischen Ursprungs mit Stadtmauer und Fachwerkh\u00e4usern, sp\u00e4tgotische Kirche, Aussichtsplattform<\/li>\n<li>Schloss Dhaun: Mit Schlosspark, herrlicher Ausblick in das Nahe- und Kellenbachtal<\/li>\n<li>Soonwald: Eines der gr\u00f6\u00dften zusammenh\u00e4ngenden Waldgebiete, Schinderhannesh\u00f6hle<\/li>\n<li>Staudernheim: Klosterm\u00fchle, Aussichtsturm, Draisinen-Ausgabestation<\/li>\n<\/ul>\n<\/li>\n<\/ul>\t\t\t\t\t\t\t\t<\/div>\n\t\t\t\t<\/div>\n\t\t\t\t\t<\/div>\n\t\t<\/div>\n\t\t\t\t\t<\/div>\n\t\t<\/section>\n\t\t\t\t<\/div>\n\t\t","protected":false},"excerpt":{"rendered":"<p>Odernheim\/Glan Odernheim ist eine schmucke Wohngemeinde mit ca. 1900 Einwohnern und einer ausgezeichneten Infrastruktur. Odernheim selbst, die Natur und viele touristische Besonderheiten in der n\u00e4heren Umgebung garantieren Ihnen einen interessanten und erholsamen Aufenthalt. Dazu tragen auch die vielen Freizeitm\u00f6glichkeiten bei. Sei es das Angeln am Glan, eine Wanderung durch Wald, Wiesen und Weinberge, eine Kanufahrt &hellip; <\/p>\n<p class=\"link-more\"><a href=\"https:\/\/www.bannmuehle.de\/index.php\/lage-und-region\/\" class=\"more-link\"><span class=\"screen-reader-text\">\u201eLage und Region\u201c<\/span> weiterlesen<\/a><\/p>\n","protected":false},"author":1,"featured_media":0,"parent":0,"menu_order":0,"comment_status":"closed","ping_status":"closed","template":"","meta":{"footnotes":""},"_links":{"self":[{"href":"https:\/\/www.bannmuehle.de\/index.php\/wp-json\/wp\/v2\/pages\/226"}],"collection":[{"href":"https:\/\/www.bannmuehle.de\/index.php\/wp-json\/wp\/v2\/pages"}],"about":[{"href":"https:\/\/www.bannmuehle.de\/index.php\/wp-json\/wp\/v2\/types\/page"}],"author":[{"embeddable":true,"href":"https:\/\/www.bannmuehle.de\/index.php\/wp-json\/wp\/v2\/users\/1"}],"replies":[{"embeddable":true,"href":"https:\/\/www.bannmuehle.de\/index.php\/wp-json\/wp\/v2\/comments?post=226"}],"version-history":[{"count":14,"href":"https:\/\/www.bannmuehle.de\/index.php\/wp-json\/wp\/v2\/pages\/226\/revisions"}],"predecessor-version":[{"id":1845,"href":"https:\/\/www.bannmuehle.de\/index.php\/wp-json\/wp\/v2\/pages\/226\/revisions\/1845"}],"wp:attachment":[{"href":"https:\/\/www.bannmuehle.de\/index.php\/wp-json\/wp\/v2\/media?parent=226"}],"curies":[{"name":"wp","href":"https:\/\/api.w.org\/{rel}","templated":true}]}}