{"id":32,"date":"2020-05-31T12:55:35","date_gmt":"2020-05-31T10:55:35","guid":{"rendered":"https:\/\/bannmuehle.wholewildworld.de\/?page_id=32"},"modified":"2022-05-17T21:57:40","modified_gmt":"2022-05-17T19:57:40","slug":"obstanbau","status":"publish","type":"page","link":"https:\/\/www.bannmuehle.de\/index.php\/obstanbau\/","title":{"rendered":"Obstanbau"},"content":{"rendered":"\t\t<div data-elementor-type=\"wp-page\" data-elementor-id=\"32\" class=\"elementor elementor-32\">\n\t\t\t\t\t\t<section class=\"elementor-section elementor-top-section elementor-element elementor-element-58d907f elementor-section-full_width elementor-section-height-default elementor-section-height-default\" data-id=\"58d907f\" data-element_type=\"section\">\n\t\t\t\t\t\t<div class=\"elementor-container elementor-column-gap-default\">\n\t\t\t\t\t<div class=\"elementor-column elementor-col-100 elementor-top-column elementor-element elementor-element-0807990\" data-id=\"0807990\" data-element_type=\"column\">\n\t\t\t<div class=\"elementor-widget-wrap elementor-element-populated\">\n\t\t\t\t\t\t<div class=\"elementor-element elementor-element-b15c75c elementor-drop-cap-yes elementor-drop-cap-view-default elementor-widget elementor-widget-text-editor\" data-id=\"b15c75c\" data-element_type=\"widget\" data-settings=\"{&quot;drop_cap&quot;:&quot;yes&quot;}\" data-widget_type=\"text-editor.default\">\n\t\t\t\t<div class=\"elementor-widget-container\">\n\t\t\t\t\t\t\t\t\t<p>Unsere Obst- und Streuobstwiesen bilden den Schwerpunkt des Betriebs. Wir bewirtschaften eine Fl\u00e4che von 63 Hektar Gr\u00fcnland, 20 Hektar Streuobst, 9 Hektar Obstanlagen, 0,16 Hektar Wein und 7 Hektar Wald.<\/p><p>Auf diesen Fl\u00e4chen findet sich ein gro\u00dfer Altbestand an einzeln stehenden Obstb\u00e4umen inmitten von Wiesen und Weiden. Hier findet man \u00c4pfel, Birnen, Kirschen, Pflaumen, Aprikosen und Pfirsiche.<\/p><p>Diese Streuobstwiesen sind der Lebensraum vieler Tier- und Pflanzenarten, sie sind Natur- und Biotopschutzgebiete, die von uns in Zusammenarbeit mit der Landespflege erhalten werden. Sie dienen auch als Weidefl\u00e4che f\u00fcr unsere K\u00fche, die mit ihrem gro\u00dfen Appetit das Wachstum der Wiesen auf nat\u00fcrliche Weise in Schach halten.<\/p>\t\t\t\t\t\t\t\t<\/div>\n\t\t\t\t<\/div>\n\t\t\t\t\t<\/div>\n\t\t<\/div>\n\t\t\t\t\t<\/div>\n\t\t<\/section>\n\t\t\t\t<section class=\"elementor-section elementor-top-section elementor-element elementor-element-13ae97b elementor-section-boxed elementor-section-height-default elementor-section-height-default\" data-id=\"13ae97b\" data-element_type=\"section\">\n\t\t\t\t\t\t<div class=\"elementor-container elementor-column-gap-default\">\n\t\t\t\t\t<div class=\"elementor-column elementor-col-100 elementor-top-column elementor-element elementor-element-419ddf8\" data-id=\"419ddf8\" data-element_type=\"column\">\n\t\t\t<div class=\"elementor-widget-wrap elementor-element-populated\">\n\t\t\t\t\t\t<div class=\"elementor-element elementor-element-e1803a4 elementor-widget elementor-widget-image-gallery\" data-id=\"e1803a4\" data-element_type=\"widget\" data-widget_type=\"image-gallery.default\">\n\t\t\t\t<div class=\"elementor-widget-container\">\n\t\t\t\t\t\t\t<div class=\"elementor-image-gallery\">\n\t\t\t<div id='gallery-1' class='gallery galleryid-32 gallery-columns-2 gallery-size-large'><figure class='gallery-item'>\n\t\t\t<div class='gallery-icon landscape'>\n\t\t\t\t<a data-elementor-open-lightbox=\"yes\" data-elementor-lightbox-slideshow=\"e1803a4\" data-elementor-lightbox-title=\"Apfelb\u00e4ume von oben\" data-e-action-hash=\"#elementor-action%3Aaction%3Dlightbox%26settings%3DeyJpZCI6MTAwLCJ1cmwiOiJodHRwczpcL1wvd3d3LmJhbm5tdWVobGUuZGVcL3dwLWNvbnRlbnRcL3VwbG9hZHNcLzIwMjBcLzA1XC9ESklfMDQyNC1zY2FsZWQuanBnIiwic2xpZGVzaG93IjoiZTE4MDNhNCJ9\" href='https:\/\/www.bannmuehle.de\/wp-content\/uploads\/2020\/05\/DJI_0424-scaled.jpg'><img fetchpriority=\"high\" width=\"525\" height=\"393\" src=\"https:\/\/www.bannmuehle.de\/wp-content\/uploads\/2020\/05\/DJI_0424-1024x767.jpg\" class=\"attachment-large size-large\" alt=\"\" decoding=\"async\" srcset=\"https:\/\/www.bannmuehle.de\/wp-content\/uploads\/2020\/05\/DJI_0424-1024x767.jpg 1024w, https:\/\/www.bannmuehle.de\/wp-content\/uploads\/2020\/05\/DJI_0424-scaled-250x187.jpg 250w, https:\/\/www.bannmuehle.de\/wp-content\/uploads\/2020\/05\/DJI_0424-scaled-350x262.jpg 350w, https:\/\/www.bannmuehle.de\/wp-content\/uploads\/2020\/05\/DJI_0424-300x225.jpg 300w, https:\/\/www.bannmuehle.de\/wp-content\/uploads\/2020\/05\/DJI_0424-768x576.jpg 768w, https:\/\/www.bannmuehle.de\/wp-content\/uploads\/2020\/05\/DJI_0424-1536x1151.jpg 1536w, https:\/\/www.bannmuehle.de\/wp-content\/uploads\/2020\/05\/DJI_0424-2048x1535.jpg 2048w\" sizes=\"100vw\" \/><\/a>\n\t\t\t<\/div><\/figure><figure class='gallery-item'>\n\t\t\t<div class='gallery-icon landscape'>\n\t\t\t\t<a data-elementor-open-lightbox=\"yes\" data-elementor-lightbox-slideshow=\"e1803a4\" data-elementor-lightbox-title=\"K\u00fche im Holunder\" data-e-action-hash=\"#elementor-action%3Aaction%3Dlightbox%26settings%3DeyJpZCI6MTAxLCJ1cmwiOiJodHRwczpcL1wvd3d3LmJhbm5tdWVobGUuZGVcL3dwLWNvbnRlbnRcL3VwbG9hZHNcLzIwMjBcLzA1XC9ESklfMDQ0OC1zY2FsZWQuanBnIiwic2xpZGVzaG93IjoiZTE4MDNhNCJ9\" href='https:\/\/www.bannmuehle.de\/wp-content\/uploads\/2020\/05\/DJI_0448-scaled.jpg'><img width=\"525\" height=\"393\" src=\"https:\/\/www.bannmuehle.de\/wp-content\/uploads\/2020\/05\/DJI_0448-1024x767.jpg\" class=\"attachment-large size-large\" alt=\"\" decoding=\"async\" srcset=\"https:\/\/www.bannmuehle.de\/wp-content\/uploads\/2020\/05\/DJI_0448-1024x767.jpg 1024w, https:\/\/www.bannmuehle.de\/wp-content\/uploads\/2020\/05\/DJI_0448-scaled-250x187.jpg 250w, https:\/\/www.bannmuehle.de\/wp-content\/uploads\/2020\/05\/DJI_0448-scaled-350x262.jpg 350w, https:\/\/www.bannmuehle.de\/wp-content\/uploads\/2020\/05\/DJI_0448-300x225.jpg 300w, https:\/\/www.bannmuehle.de\/wp-content\/uploads\/2020\/05\/DJI_0448-768x576.jpg 768w, https:\/\/www.bannmuehle.de\/wp-content\/uploads\/2020\/05\/DJI_0448-1536x1151.jpg 1536w, https:\/\/www.bannmuehle.de\/wp-content\/uploads\/2020\/05\/DJI_0448-2048x1535.jpg 2048w\" sizes=\"100vw\" \/><\/a>\n\t\t\t<\/div><\/figure>\n\t\t<\/div>\n\t\t<\/div>\n\t\t\t\t\t\t<\/div>\n\t\t\t\t<\/div>\n\t\t\t\t\t<\/div>\n\t\t<\/div>\n\t\t\t\t\t<\/div>\n\t\t<\/section>\n\t\t\t\t<section class=\"elementor-section elementor-top-section elementor-element elementor-element-a8513cd elementor-section-boxed elementor-section-height-default elementor-section-height-default\" data-id=\"a8513cd\" data-element_type=\"section\">\n\t\t\t\t\t\t<div class=\"elementor-container elementor-column-gap-default\">\n\t\t\t\t\t<div class=\"elementor-column elementor-col-100 elementor-top-column elementor-element elementor-element-c34d038\" data-id=\"c34d038\" data-element_type=\"column\">\n\t\t\t<div class=\"elementor-widget-wrap elementor-element-populated\">\n\t\t\t\t\t\t<div class=\"elementor-element elementor-element-a8a41b7 elementor-widget elementor-widget-text-editor\" data-id=\"a8a41b7\" data-element_type=\"widget\" data-widget_type=\"text-editor.default\">\n\t\t\t\t<div class=\"elementor-widget-container\">\n\t\t\t\t\t\t\t\t\t<p>Auf einer Fl\u00e4che von f\u00fcnf Hektar betreiben wir modernen biologischen Apfelanbau. Hier werden haupts\u00e4chlich Saft\u00e4pfel, aber auch Tafelobst und einige alte Sorten angebaut. Die \u00c4pfel werden mit Kuhmist und Gr\u00fcnd\u00fcnung versorgt und mit organischem Pflanzenschutz behandelt.<br>Unser Bioland Apfelsaft wird nur aus kontrollierten \u00c4pfeln aus eigenem Anbau hergestellt. Auf unseren Wiesen findet man au\u00dferdem Himbeeren, Weintrauben, Holunder und Johannisbeeren.<\/p>\t\t\t\t\t\t\t\t<\/div>\n\t\t\t\t<\/div>\n\t\t\t\t\t<\/div>\n\t\t<\/div>\n\t\t\t\t\t<\/div>\n\t\t<\/section>\n\t\t\t\t<section class=\"elementor-section elementor-top-section elementor-element elementor-element-2ef38e4 elementor-section-boxed elementor-section-height-default elementor-section-height-default\" data-id=\"2ef38e4\" data-element_type=\"section\">\n\t\t\t\t\t\t<div class=\"elementor-container elementor-column-gap-default\">\n\t\t\t\t\t<div class=\"elementor-column elementor-col-100 elementor-top-column elementor-element elementor-element-c48f921\" data-id=\"c48f921\" data-element_type=\"column\">\n\t\t\t<div class=\"elementor-widget-wrap elementor-element-populated\">\n\t\t\t\t\t\t<div class=\"elementor-element elementor-element-9d837cb elementor-arrows-position-inside elementor-pagination-position-outside elementor-widget elementor-widget-image-carousel\" data-id=\"9d837cb\" data-element_type=\"widget\" data-settings=\"{&quot;slides_to_show&quot;:&quot;2&quot;,&quot;slides_to_scroll&quot;:&quot;2&quot;,&quot;navigation&quot;:&quot;both&quot;,&quot;autoplay&quot;:&quot;yes&quot;,&quot;pause_on_hover&quot;:&quot;yes&quot;,&quot;pause_on_interaction&quot;:&quot;yes&quot;,&quot;autoplay_speed&quot;:5000,&quot;infinite&quot;:&quot;yes&quot;,&quot;speed&quot;:500}\" data-widget_type=\"image-carousel.default\">\n\t\t\t\t<div class=\"elementor-widget-container\">\n\t\t\t\t\t\t\t<div class=\"elementor-image-carousel-wrapper swiper\" role=\"region\" aria-roledescription=\"carousel\" aria-label=\"Bild Karussell\" dir=\"ltr\">\n\t\t\t<div class=\"elementor-image-carousel swiper-wrapper\" aria-live=\"off\">\n\t\t\t\t\t\t\t\t<div class=\"swiper-slide\" role=\"group\" aria-roledescription=\"slide\" aria-label=\"1 von 8\"><a data-elementor-open-lightbox=\"yes\" data-elementor-lightbox-slideshow=\"9d837cb\" data-elementor-lightbox-title=\"Obstbaum im Morgenlicht\" data-e-action-hash=\"#elementor-action%3Aaction%3Dlightbox%26settings%3DeyJpZCI6MzIyLCJ1cmwiOiJodHRwczpcL1wvd3d3LmJhbm5tdWVobGUuZGVcL3dwLWNvbnRlbnRcL3VwbG9hZHNcLzIwMjBcLzA2XC9EU0MwNzM4MS0xLXNjYWxlZC5qcGciLCJzbGlkZXNob3ciOiI5ZDgzN2NiIn0%3D\" href=\"https:\/\/www.bannmuehle.de\/wp-content\/uploads\/2020\/06\/DSC07381-1-scaled.jpg\"><figure class=\"swiper-slide-inner\"><img decoding=\"async\" class=\"swiper-slide-image\" src=\"https:\/\/www.bannmuehle.de\/wp-content\/uploads\/2020\/06\/DSC07381-1-1024x576.jpg\" alt=\"Obstbaum im Morgenlicht\" \/><\/figure><\/a><\/div><div class=\"swiper-slide\" role=\"group\" aria-roledescription=\"slide\" aria-label=\"2 von 8\"><a data-elementor-open-lightbox=\"yes\" data-elementor-lightbox-slideshow=\"9d837cb\" data-elementor-lightbox-title=\"Apfelb\u00e4ume\" data-e-action-hash=\"#elementor-action%3Aaction%3Dlightbox%26settings%3DeyJpZCI6MzIzLCJ1cmwiOiJodHRwczpcL1wvd3d3LmJhbm5tdWVobGUuZGVcL3dwLWNvbnRlbnRcL3VwbG9hZHNcLzIwMjBcLzA2XC9EU0MwNzQxMi1zY2FsZWQuanBnIiwic2xpZGVzaG93IjoiOWQ4MzdjYiJ9\" href=\"https:\/\/www.bannmuehle.de\/wp-content\/uploads\/2020\/06\/DSC07412-scaled.jpg\"><figure class=\"swiper-slide-inner\"><img decoding=\"async\" class=\"swiper-slide-image\" src=\"https:\/\/www.bannmuehle.de\/wp-content\/uploads\/2020\/06\/DSC07412-1024x576.jpg\" alt=\"Apfelb\u00e4ume\" \/><\/figure><\/a><\/div><div class=\"swiper-slide\" role=\"group\" aria-roledescription=\"slide\" aria-label=\"3 von 8\"><a data-elementor-open-lightbox=\"yes\" data-elementor-lightbox-slideshow=\"9d837cb\" data-elementor-lightbox-title=\"Wein\" data-e-action-hash=\"#elementor-action%3Aaction%3Dlightbox%26settings%3DeyJpZCI6MzI0LCJ1cmwiOiJodHRwczpcL1wvd3d3LmJhbm5tdWVobGUuZGVcL3dwLWNvbnRlbnRcL3VwbG9hZHNcLzIwMjBcLzA2XC9EU0MwNzU5NS1zY2FsZWQuanBnIiwic2xpZGVzaG93IjoiOWQ4MzdjYiJ9\" href=\"https:\/\/www.bannmuehle.de\/wp-content\/uploads\/2020\/06\/DSC07595-scaled.jpg\"><figure class=\"swiper-slide-inner\"><img decoding=\"async\" class=\"swiper-slide-image\" src=\"https:\/\/www.bannmuehle.de\/wp-content\/uploads\/2020\/06\/DSC07595-1024x576.jpg\" alt=\"Wein\" \/><\/figure><\/a><\/div><div class=\"swiper-slide\" role=\"group\" aria-roledescription=\"slide\" aria-label=\"4 von 8\"><a data-elementor-open-lightbox=\"yes\" data-elementor-lightbox-slideshow=\"9d837cb\" data-elementor-lightbox-title=\"DSC02310\" data-e-action-hash=\"#elementor-action%3Aaction%3Dlightbox%26settings%3DeyJpZCI6MTg1NCwidXJsIjoiaHR0cHM6XC9cL3d3dy5iYW5ubXVlaGxlLmRlXC93cC1jb250ZW50XC91cGxvYWRzXC8yMDIyXC8wNVwvRFNDMDIzMTAtc2NhbGVkLmpwZyIsInNsaWRlc2hvdyI6IjlkODM3Y2IifQ%3D%3D\" href=\"https:\/\/www.bannmuehle.de\/wp-content\/uploads\/2022\/05\/DSC02310-scaled.jpg\"><figure class=\"swiper-slide-inner\"><img decoding=\"async\" class=\"swiper-slide-image\" src=\"https:\/\/www.bannmuehle.de\/wp-content\/uploads\/2022\/05\/DSC02310-1024x576.jpg\" alt=\"DSC02310\" \/><\/figure><\/a><\/div><div class=\"swiper-slide\" role=\"group\" aria-roledescription=\"slide\" aria-label=\"5 von 8\"><a data-elementor-open-lightbox=\"yes\" data-elementor-lightbox-slideshow=\"9d837cb\" data-elementor-lightbox-title=\"Bienenstock\" data-e-action-hash=\"#elementor-action%3Aaction%3Dlightbox%26settings%3DeyJpZCI6MzI1LCJ1cmwiOiJodHRwczpcL1wvd3d3LmJhbm5tdWVobGUuZGVcL3dwLWNvbnRlbnRcL3VwbG9hZHNcLzIwMjBcLzA2XC9EU0MwNzUyNi1zY2FsZWQuanBnIiwic2xpZGVzaG93IjoiOWQ4MzdjYiJ9\" href=\"https:\/\/www.bannmuehle.de\/wp-content\/uploads\/2020\/06\/DSC07526-scaled.jpg\"><figure class=\"swiper-slide-inner\"><img decoding=\"async\" class=\"swiper-slide-image\" src=\"https:\/\/www.bannmuehle.de\/wp-content\/uploads\/2020\/06\/DSC07526-1024x576.jpg\" alt=\"Bienenstock\" \/><\/figure><\/a><\/div><div class=\"swiper-slide\" role=\"group\" aria-roledescription=\"slide\" aria-label=\"6 von 8\"><a data-elementor-open-lightbox=\"yes\" data-elementor-lightbox-slideshow=\"9d837cb\" data-elementor-lightbox-title=\"Johannisbeeren\" data-e-action-hash=\"#elementor-action%3Aaction%3Dlightbox%26settings%3DeyJpZCI6MzI2LCJ1cmwiOiJodHRwczpcL1wvd3d3LmJhbm5tdWVobGUuZGVcL3dwLWNvbnRlbnRcL3VwbG9hZHNcLzIwMjBcLzA2XC9EU0MwNzYzOS1zY2FsZWQuanBnIiwic2xpZGVzaG93IjoiOWQ4MzdjYiJ9\" href=\"https:\/\/www.bannmuehle.de\/wp-content\/uploads\/2020\/06\/DSC07639-scaled.jpg\"><figure class=\"swiper-slide-inner\"><img decoding=\"async\" class=\"swiper-slide-image\" src=\"https:\/\/www.bannmuehle.de\/wp-content\/uploads\/2020\/06\/DSC07639-1024x576.jpg\" alt=\"Johannisbeeren\" \/><\/figure><\/a><\/div><div class=\"swiper-slide\" role=\"group\" aria-roledescription=\"slide\" aria-label=\"7 von 8\"><a data-elementor-open-lightbox=\"yes\" data-elementor-lightbox-slideshow=\"9d837cb\" data-elementor-lightbox-title=\"Holunder\" data-e-action-hash=\"#elementor-action%3Aaction%3Dlightbox%26settings%3DeyJpZCI6MzI4LCJ1cmwiOiJodHRwczpcL1wvd3d3LmJhbm5tdWVobGUuZGVcL3dwLWNvbnRlbnRcL3VwbG9hZHNcLzIwMjBcLzA2XC9EU0MwNzQ3OS1zY2FsZWQuanBnIiwic2xpZGVzaG93IjoiOWQ4MzdjYiJ9\" href=\"https:\/\/www.bannmuehle.de\/wp-content\/uploads\/2020\/06\/DSC07479-scaled.jpg\"><figure class=\"swiper-slide-inner\"><img decoding=\"async\" class=\"swiper-slide-image\" src=\"https:\/\/www.bannmuehle.de\/wp-content\/uploads\/2020\/06\/DSC07479-1024x576.jpg\" alt=\"Holunder\" \/><\/figure><\/a><\/div><div class=\"swiper-slide\" role=\"group\" aria-roledescription=\"slide\" aria-label=\"8 von 8\"><a data-elementor-open-lightbox=\"yes\" data-elementor-lightbox-slideshow=\"9d837cb\" data-elementor-lightbox-title=\"DSC07513\" data-e-action-hash=\"#elementor-action%3Aaction%3Dlightbox%26settings%3DeyJpZCI6MzI5LCJ1cmwiOiJodHRwczpcL1wvd3d3LmJhbm5tdWVobGUuZGVcL3dwLWNvbnRlbnRcL3VwbG9hZHNcLzIwMjBcLzA2XC9EU0MwNzUxMy1zY2FsZWQuanBnIiwic2xpZGVzaG93IjoiOWQ4MzdjYiJ9\" href=\"https:\/\/www.bannmuehle.de\/wp-content\/uploads\/2020\/06\/DSC07513-scaled.jpg\"><figure class=\"swiper-slide-inner\"><img decoding=\"async\" class=\"swiper-slide-image\" src=\"https:\/\/www.bannmuehle.de\/wp-content\/uploads\/2020\/06\/DSC07513-1024x576.jpg\" alt=\"DSC07513\" \/><\/figure><\/a><\/div>\t\t\t<\/div>\n\t\t\t\t\t\t\t\t\t\t\t\t<div class=\"elementor-swiper-button elementor-swiper-button-prev\" role=\"button\" tabindex=\"0\">\n\t\t\t\t\t\t<i aria-hidden=\"true\" class=\"eicon-chevron-left\"><\/i>\t\t\t\t\t<\/div>\n\t\t\t\t\t<div class=\"elementor-swiper-button elementor-swiper-button-next\" role=\"button\" tabindex=\"0\">\n\t\t\t\t\t\t<i aria-hidden=\"true\" class=\"eicon-chevron-right\"><\/i>\t\t\t\t\t<\/div>\n\t\t\t\t\n\t\t\t\t\t\t\t\t\t<div class=\"swiper-pagination\"><\/div>\n\t\t\t\t\t\t\t\t\t<\/div>\n\t\t\t\t\t\t<\/div>\n\t\t\t\t<\/div>\n\t\t\t\t\t<\/div>\n\t\t<\/div>\n\t\t\t\t\t<\/div>\n\t\t<\/section>\n\t\t\t\t<\/div>\n\t\t","protected":false},"excerpt":{"rendered":"<p>Unsere Obst- und Streuobstwiesen bilden den Schwerpunkt des Betriebs. Wir bewirtschaften eine Fl\u00e4che von 63 Hektar Gr\u00fcnland, 20 Hektar Streuobst, 9 Hektar Obstanlagen, 0,16 Hektar Wein und 7 Hektar Wald. Auf diesen Fl\u00e4chen findet sich ein gro\u00dfer Altbestand an einzeln stehenden Obstb\u00e4umen inmitten von Wiesen und Weiden. Hier findet man \u00c4pfel, Birnen, Kirschen, Pflaumen, Aprikosen &hellip; <\/p>\n<p class=\"link-more\"><a href=\"https:\/\/www.bannmuehle.de\/index.php\/obstanbau\/\" class=\"more-link\"><span class=\"screen-reader-text\">\u201eObstanbau\u201c<\/span> weiterlesen<\/a><\/p>\n","protected":false},"author":1,"featured_media":0,"parent":0,"menu_order":0,"comment_status":"closed","ping_status":"closed","template":"","meta":{"footnotes":""},"_links":{"self":[{"href":"https:\/\/www.bannmuehle.de\/index.php\/wp-json\/wp\/v2\/pages\/32"}],"collection":[{"href":"https:\/\/www.bannmuehle.de\/index.php\/wp-json\/wp\/v2\/pages"}],"about":[{"href":"https:\/\/www.bannmuehle.de\/index.php\/wp-json\/wp\/v2\/types\/page"}],"author":[{"embeddable":true,"href":"https:\/\/www.bannmuehle.de\/index.php\/wp-json\/wp\/v2\/users\/1"}],"replies":[{"embeddable":true,"href":"https:\/\/www.bannmuehle.de\/index.php\/wp-json\/wp\/v2\/comments?post=32"}],"version-history":[{"count":21,"href":"https:\/\/www.bannmuehle.de\/index.php\/wp-json\/wp\/v2\/pages\/32\/revisions"}],"predecessor-version":[{"id":1857,"href":"https:\/\/www.bannmuehle.de\/index.php\/wp-json\/wp\/v2\/pages\/32\/revisions\/1857"}],"wp:attachment":[{"href":"https:\/\/www.bannmuehle.de\/index.php\/wp-json\/wp\/v2\/media?parent=32"}],"curies":[{"name":"wp","href":"https:\/\/api.w.org\/{rel}","templated":true}]}}