{"id":34,"date":"2020-05-31T13:03:35","date_gmt":"2020-05-31T11:03:35","guid":{"rendered":"https:\/\/bannmuehle.wholewildworld.de\/?page_id=34"},"modified":"2021-03-10T19:54:40","modified_gmt":"2021-03-10T18:54:40","slug":"rinderhaltung","status":"publish","type":"page","link":"https:\/\/www.bannmuehle.de\/index.php\/rinderhaltung\/","title":{"rendered":"Rinderhaltung"},"content":{"rendered":"\t\t<div data-elementor-type=\"wp-page\" data-elementor-id=\"34\" class=\"elementor elementor-34\">\n\t\t\t\t\t\t<section class=\"elementor-section elementor-top-section elementor-element elementor-element-708c1fc elementor-section-stretched elementor-section-boxed elementor-section-height-default elementor-section-height-default\" data-id=\"708c1fc\" data-element_type=\"section\" data-settings=\"{&quot;stretch_section&quot;:&quot;section-stretched&quot;}\">\n\t\t\t\t\t\t<div class=\"elementor-container elementor-column-gap-default\">\n\t\t\t\t\t<div class=\"elementor-column elementor-col-100 elementor-top-column elementor-element elementor-element-be39141\" data-id=\"be39141\" data-element_type=\"column\">\n\t\t\t<div class=\"elementor-widget-wrap elementor-element-populated\">\n\t\t\t\t\t\t<div class=\"elementor-element elementor-element-aeb221d elementor-arrows-position-inside elementor-pagination-position-outside elementor-widget elementor-widget-image-carousel\" data-id=\"aeb221d\" data-element_type=\"widget\" data-settings=\"{&quot;slides_to_show&quot;:&quot;1&quot;,&quot;slides_to_show_tablet&quot;:&quot;1&quot;,&quot;navigation&quot;:&quot;both&quot;,&quot;autoplay&quot;:&quot;yes&quot;,&quot;pause_on_hover&quot;:&quot;yes&quot;,&quot;pause_on_interaction&quot;:&quot;yes&quot;,&quot;autoplay_speed&quot;:5000,&quot;infinite&quot;:&quot;yes&quot;,&quot;effect&quot;:&quot;slide&quot;,&quot;speed&quot;:500}\" data-widget_type=\"image-carousel.default\">\n\t\t\t\t<div class=\"elementor-widget-container\">\n\t\t\t\t\t\t\t<div class=\"elementor-image-carousel-wrapper swiper\" role=\"region\" aria-roledescription=\"carousel\" aria-label=\"Bild Karussell\" dir=\"ltr\">\n\t\t\t<div class=\"elementor-image-carousel swiper-wrapper\" aria-live=\"off\">\n\t\t\t\t\t\t\t\t<div class=\"swiper-slide\" role=\"group\" aria-roledescription=\"slide\" aria-label=\"1 von 11\"><a data-elementor-open-lightbox=\"yes\" data-elementor-lightbox-slideshow=\"aeb221d\" data-elementor-lightbox-title=\"DSC07146\" data-e-action-hash=\"#elementor-action%3Aaction%3Dlightbox%26settings%3DeyJpZCI6MzExLCJ1cmwiOiJodHRwczpcL1wvd3d3LmJhbm5tdWVobGUuZGVcL3dwLWNvbnRlbnRcL3VwbG9hZHNcLzIwMjBcLzA2XC9EU0MwNzE0Ni1zY2FsZWQuanBnIiwic2xpZGVzaG93IjoiYWViMjIxZCJ9\" href=\"https:\/\/www.bannmuehle.de\/wp-content\/uploads\/2020\/06\/DSC07146-scaled.jpg\"><figure class=\"swiper-slide-inner\"><img decoding=\"async\" class=\"swiper-slide-image\" src=\"https:\/\/www.bannmuehle.de\/wp-content\/uploads\/2020\/06\/DSC07146-1024x576.jpg\" alt=\"DSC07146\" \/><\/figure><\/a><\/div><div class=\"swiper-slide\" role=\"group\" aria-roledescription=\"slide\" aria-label=\"2 von 11\"><a data-elementor-open-lightbox=\"yes\" data-elementor-lightbox-slideshow=\"aeb221d\" data-elementor-lightbox-title=\"DSC07162\" data-e-action-hash=\"#elementor-action%3Aaction%3Dlightbox%26settings%3DeyJpZCI6MzEwLCJ1cmwiOiJodHRwczpcL1wvd3d3LmJhbm5tdWVobGUuZGVcL3dwLWNvbnRlbnRcL3VwbG9hZHNcLzIwMjBcLzA2XC9EU0MwNzE2Mi1zY2FsZWQuanBnIiwic2xpZGVzaG93IjoiYWViMjIxZCJ9\" href=\"https:\/\/www.bannmuehle.de\/wp-content\/uploads\/2020\/06\/DSC07162-scaled.jpg\"><figure class=\"swiper-slide-inner\"><img decoding=\"async\" class=\"swiper-slide-image\" src=\"https:\/\/www.bannmuehle.de\/wp-content\/uploads\/2020\/06\/DSC07162-1024x576.jpg\" alt=\"DSC07162\" \/><\/figure><\/a><\/div><div class=\"swiper-slide\" role=\"group\" aria-roledescription=\"slide\" aria-label=\"3 von 11\"><a data-elementor-open-lightbox=\"yes\" data-elementor-lightbox-slideshow=\"aeb221d\" data-elementor-lightbox-title=\"DSC07327\" data-e-action-hash=\"#elementor-action%3Aaction%3Dlightbox%26settings%3DeyJpZCI6MzA0LCJ1cmwiOiJodHRwczpcL1wvd3d3LmJhbm5tdWVobGUuZGVcL3dwLWNvbnRlbnRcL3VwbG9hZHNcLzIwMjBcLzA2XC9EU0MwNzMyNy1zY2FsZWQuanBnIiwic2xpZGVzaG93IjoiYWViMjIxZCJ9\" href=\"https:\/\/www.bannmuehle.de\/wp-content\/uploads\/2020\/06\/DSC07327-scaled.jpg\"><figure class=\"swiper-slide-inner\"><img decoding=\"async\" class=\"swiper-slide-image\" src=\"https:\/\/www.bannmuehle.de\/wp-content\/uploads\/2020\/06\/DSC07327-1024x576.jpg\" alt=\"DSC07327\" \/><\/figure><\/a><\/div><div class=\"swiper-slide\" role=\"group\" aria-roledescription=\"slide\" aria-label=\"4 von 11\"><a data-elementor-open-lightbox=\"yes\" data-elementor-lightbox-slideshow=\"aeb221d\" data-elementor-lightbox-title=\"DSC07279\" data-e-action-hash=\"#elementor-action%3Aaction%3Dlightbox%26settings%3DeyJpZCI6MzA3LCJ1cmwiOiJodHRwczpcL1wvd3d3LmJhbm5tdWVobGUuZGVcL3dwLWNvbnRlbnRcL3VwbG9hZHNcLzIwMjBcLzA2XC9EU0MwNzI3OS1zY2FsZWQuanBnIiwic2xpZGVzaG93IjoiYWViMjIxZCJ9\" href=\"https:\/\/www.bannmuehle.de\/wp-content\/uploads\/2020\/06\/DSC07279-scaled.jpg\"><figure class=\"swiper-slide-inner\"><img decoding=\"async\" class=\"swiper-slide-image\" src=\"https:\/\/www.bannmuehle.de\/wp-content\/uploads\/2020\/06\/DSC07279-1024x576.jpg\" alt=\"Zitrone\" \/><\/figure><\/a><\/div><div class=\"swiper-slide\" role=\"group\" aria-roledescription=\"slide\" aria-label=\"5 von 11\"><a data-elementor-open-lightbox=\"yes\" data-elementor-lightbox-slideshow=\"aeb221d\" data-elementor-lightbox-title=\"DSC07295\" data-e-action-hash=\"#elementor-action%3Aaction%3Dlightbox%26settings%3DeyJpZCI6MzA4LCJ1cmwiOiJodHRwczpcL1wvd3d3LmJhbm5tdWVobGUuZGVcL3dwLWNvbnRlbnRcL3VwbG9hZHNcLzIwMjBcLzA2XC9EU0MwNzI5NS1zY2FsZWQuanBnIiwic2xpZGVzaG93IjoiYWViMjIxZCJ9\" href=\"https:\/\/www.bannmuehle.de\/wp-content\/uploads\/2020\/06\/DSC07295-scaled.jpg\"><figure class=\"swiper-slide-inner\"><img decoding=\"async\" class=\"swiper-slide-image\" src=\"https:\/\/www.bannmuehle.de\/wp-content\/uploads\/2020\/06\/DSC07295-1024x576.jpg\" alt=\"DSC07295\" \/><\/figure><\/a><\/div><div class=\"swiper-slide\" role=\"group\" aria-roledescription=\"slide\" aria-label=\"6 von 11\"><a data-elementor-open-lightbox=\"yes\" data-elementor-lightbox-slideshow=\"aeb221d\" data-elementor-lightbox-title=\"DSC07246\" data-e-action-hash=\"#elementor-action%3Aaction%3Dlightbox%26settings%3DeyJpZCI6MzA5LCJ1cmwiOiJodHRwczpcL1wvd3d3LmJhbm5tdWVobGUuZGVcL3dwLWNvbnRlbnRcL3VwbG9hZHNcLzIwMjBcLzA2XC9EU0MwNzI0Ni1zY2FsZWQuanBnIiwic2xpZGVzaG93IjoiYWViMjIxZCJ9\" href=\"https:\/\/www.bannmuehle.de\/wp-content\/uploads\/2020\/06\/DSC07246-scaled.jpg\"><figure class=\"swiper-slide-inner\"><img decoding=\"async\" class=\"swiper-slide-image\" src=\"https:\/\/www.bannmuehle.de\/wp-content\/uploads\/2020\/06\/DSC07246-1024x576.jpg\" alt=\"DSC07246\" \/><\/figure><\/a><\/div><div class=\"swiper-slide\" role=\"group\" aria-roledescription=\"slide\" aria-label=\"7 von 11\"><a data-elementor-open-lightbox=\"yes\" data-elementor-lightbox-slideshow=\"aeb221d\" data-elementor-lightbox-title=\"DSC07138\" data-e-action-hash=\"#elementor-action%3Aaction%3Dlightbox%26settings%3DeyJpZCI6MzEyLCJ1cmwiOiJodHRwczpcL1wvd3d3LmJhbm5tdWVobGUuZGVcL3dwLWNvbnRlbnRcL3VwbG9hZHNcLzIwMjBcLzA2XC9EU0MwNzEzOC1zY2FsZWQuanBnIiwic2xpZGVzaG93IjoiYWViMjIxZCJ9\" href=\"https:\/\/www.bannmuehle.de\/wp-content\/uploads\/2020\/06\/DSC07138-scaled.jpg\"><figure class=\"swiper-slide-inner\"><img decoding=\"async\" class=\"swiper-slide-image\" src=\"https:\/\/www.bannmuehle.de\/wp-content\/uploads\/2020\/06\/DSC07138-1024x576.jpg\" alt=\"DSC07138\" \/><\/figure><\/a><\/div><div class=\"swiper-slide\" role=\"group\" aria-roledescription=\"slide\" aria-label=\"8 von 11\"><a data-elementor-open-lightbox=\"yes\" data-elementor-lightbox-slideshow=\"aeb221d\" data-elementor-lightbox-title=\"DSC07056\" data-e-action-hash=\"#elementor-action%3Aaction%3Dlightbox%26settings%3DeyJpZCI6MzE1LCJ1cmwiOiJodHRwczpcL1wvd3d3LmJhbm5tdWVobGUuZGVcL3dwLWNvbnRlbnRcL3VwbG9hZHNcLzIwMjBcLzA2XC9EU0MwNzA1Ni1zY2FsZWQuanBnIiwic2xpZGVzaG93IjoiYWViMjIxZCJ9\" href=\"https:\/\/www.bannmuehle.de\/wp-content\/uploads\/2020\/06\/DSC07056-scaled.jpg\"><figure class=\"swiper-slide-inner\"><img decoding=\"async\" class=\"swiper-slide-image\" src=\"https:\/\/www.bannmuehle.de\/wp-content\/uploads\/2020\/06\/DSC07056-1024x576.jpg\" alt=\"DSC07056\" \/><\/figure><\/a><\/div><div class=\"swiper-slide\" role=\"group\" aria-roledescription=\"slide\" aria-label=\"9 von 11\"><a data-elementor-open-lightbox=\"yes\" data-elementor-lightbox-slideshow=\"aeb221d\" data-elementor-lightbox-title=\"DSC07100\" data-e-action-hash=\"#elementor-action%3Aaction%3Dlightbox%26settings%3DeyJpZCI6MzE2LCJ1cmwiOiJodHRwczpcL1wvd3d3LmJhbm5tdWVobGUuZGVcL3dwLWNvbnRlbnRcL3VwbG9hZHNcLzIwMjBcLzA2XC9EU0MwNzEwMC1zY2FsZWQuanBnIiwic2xpZGVzaG93IjoiYWViMjIxZCJ9\" href=\"https:\/\/www.bannmuehle.de\/wp-content\/uploads\/2020\/06\/DSC07100-scaled.jpg\"><figure class=\"swiper-slide-inner\"><img decoding=\"async\" class=\"swiper-slide-image\" src=\"https:\/\/www.bannmuehle.de\/wp-content\/uploads\/2020\/06\/DSC07100-1024x576.jpg\" alt=\"DSC07100\" \/><\/figure><\/a><\/div><div class=\"swiper-slide\" role=\"group\" aria-roledescription=\"slide\" aria-label=\"10 von 11\"><a data-elementor-open-lightbox=\"yes\" data-elementor-lightbox-slideshow=\"aeb221d\" data-elementor-lightbox-title=\"IMG_9677\" data-e-action-hash=\"#elementor-action%3Aaction%3Dlightbox%26settings%3DeyJpZCI6Mzk1LCJ1cmwiOiJodHRwczpcL1wvd3d3LmJhbm5tdWVobGUuZGVcL3dwLWNvbnRlbnRcL3VwbG9hZHNcLzIwMjBcLzA3XC9JTUdfOTY3Ny1zY2FsZWQuanBnIiwic2xpZGVzaG93IjoiYWViMjIxZCJ9\" href=\"https:\/\/www.bannmuehle.de\/wp-content\/uploads\/2020\/07\/IMG_9677-scaled.jpg\"><figure class=\"swiper-slide-inner\"><img decoding=\"async\" class=\"swiper-slide-image\" src=\"https:\/\/www.bannmuehle.de\/wp-content\/uploads\/2020\/07\/IMG_9677-1024x683.jpg\" alt=\"IMG_9677\" \/><\/figure><\/a><\/div><div class=\"swiper-slide\" role=\"group\" aria-roledescription=\"slide\" aria-label=\"11 von 11\"><a data-elementor-open-lightbox=\"yes\" data-elementor-lightbox-slideshow=\"aeb221d\" data-elementor-lightbox-title=\"IMG_9626\" data-e-action-hash=\"#elementor-action%3Aaction%3Dlightbox%26settings%3DeyJpZCI6Mzk2LCJ1cmwiOiJodHRwczpcL1wvd3d3LmJhbm5tdWVobGUuZGVcL3dwLWNvbnRlbnRcL3VwbG9hZHNcLzIwMjBcLzA3XC9JTUdfOTYyNi1zY2FsZWQuanBnIiwic2xpZGVzaG93IjoiYWViMjIxZCJ9\" href=\"https:\/\/www.bannmuehle.de\/wp-content\/uploads\/2020\/07\/IMG_9626-scaled.jpg\"><figure class=\"swiper-slide-inner\"><img decoding=\"async\" class=\"swiper-slide-image\" src=\"https:\/\/www.bannmuehle.de\/wp-content\/uploads\/2020\/07\/IMG_9626-1024x683.jpg\" alt=\"IMG_9626\" \/><\/figure><\/a><\/div>\t\t\t<\/div>\n\t\t\t\t\t\t\t\t\t\t\t\t<div class=\"elementor-swiper-button elementor-swiper-button-prev\" role=\"button\" tabindex=\"0\">\n\t\t\t\t\t\t<i aria-hidden=\"true\" class=\"eicon-chevron-left\"><\/i>\t\t\t\t\t<\/div>\n\t\t\t\t\t<div class=\"elementor-swiper-button elementor-swiper-button-next\" role=\"button\" tabindex=\"0\">\n\t\t\t\t\t\t<i aria-hidden=\"true\" class=\"eicon-chevron-right\"><\/i>\t\t\t\t\t<\/div>\n\t\t\t\t\n\t\t\t\t\t\t\t\t\t<div class=\"swiper-pagination\"><\/div>\n\t\t\t\t\t\t\t\t\t<\/div>\n\t\t\t\t\t\t<\/div>\n\t\t\t\t<\/div>\n\t\t\t\t\t<\/div>\n\t\t<\/div>\n\t\t\t\t\t<\/div>\n\t\t<\/section>\n\t\t\t\t<section class=\"elementor-section elementor-top-section elementor-element elementor-element-d304063 elementor-section-boxed elementor-section-height-default elementor-section-height-default\" data-id=\"d304063\" data-element_type=\"section\">\n\t\t\t\t\t\t<div class=\"elementor-container elementor-column-gap-default\">\n\t\t\t\t\t<div class=\"elementor-column elementor-col-100 elementor-top-column elementor-element elementor-element-d117aa1\" data-id=\"d117aa1\" data-element_type=\"column\">\n\t\t\t<div class=\"elementor-widget-wrap elementor-element-populated\">\n\t\t\t\t\t\t<div class=\"elementor-element elementor-element-0db7b88 elementor-view-default elementor-widget elementor-widget-icon\" data-id=\"0db7b88\" data-element_type=\"widget\" data-widget_type=\"icon.default\">\n\t\t\t\t<div class=\"elementor-widget-container\">\n\t\t\t\t\t\t\t<div class=\"elementor-icon-wrapper\">\n\t\t\t<div class=\"elementor-icon\">\n\t\t\t<i aria-hidden=\"true\" class=\"fas fa-tractor\"><\/i>\t\t\t<\/div>\n\t\t<\/div>\n\t\t\t\t\t\t<\/div>\n\t\t\t\t<\/div>\n\t\t\t\t<div class=\"elementor-element elementor-element-18475be elementor-widget elementor-widget-text-editor\" data-id=\"18475be\" data-element_type=\"widget\" data-widget_type=\"text-editor.default\">\n\t\t\t\t<div class=\"elementor-widget-container\">\n\t\t\t\t\t\t\t\t\t<h2>Artgerechte Haltung<\/h2><p>Ganz bewusst haben wir uns auf der Bannm\u00fchle auf die Vorteile einer alten, regionalen Rasse besonnen. Voraussetzung f\u00fcr eine optimale Fleischqualit\u00e4t ist neben der Genetik (Rasse) die artgerechte Haltung und F\u00fctterung der Tiere. Unsere drei\u00dfig K\u00fche werden zusammen mit einem Bullen und ihren K\u00e4lbern in einer Herde gehalten. Die K\u00e4lber bleiben bis zum neunten Lebensmonat bei ihren M\u00fcttern und k\u00f6nnen nat\u00fcrlich und gesund aufwachsen. Die Herde weidet den Gro\u00dfteil des Jahres auf den Streuobstwiesen und Gr\u00fcnlandfl\u00e4chen der Bannm\u00fchle.\u00a0<\/p><p>Hier finden die Tiere alles, was sie f\u00fcr ein gesundes Wachstum brauchen: Auslauf, frisches Gras, Kr\u00e4uter, Luft und Licht. Im Winter bekommen sie selbst geworbenes Heu und Silage von hofeigenen Fl\u00e4chen. Unsere mageren, sommertrockenen Wiesen und Weiden bringen wenig, aber kr\u00e4uterreiches Futter \u2013 das schmecken Sie ganz sicher! Ohne Masthilfen, Antibiotika, Tier- oder Sojamehl dauert es zwar l\u00e4nger, bis ein Rind schlachtreif wird, daf\u00fcr ist es kerngesund und von bester Fleischqualit\u00e4t.<\/p><h2>Fachgerechte Verarbeitung<\/h2><p>Die K\u00e4lber, die nicht zur Zucht ausgesucht werden, werden mit ca. zwei Jahren geschlachtet. Das Fleisch wird nach der Schlachtung wieder auf der Bannm\u00fchle zerlegt und verpackt. <a href=\"https:\/\/www.bannmuehle.de\/index.php\/rindfleisch\/\">Saisonal bieten wir auch Schinken und Wurst an<\/a>, die von einem Bio-Metzger verarbeitet werden. Es werden keine k\u00fcnstlichen Konservierungs- und Farbstoffe oder Nitritp\u00f6kelsalz verwendet, alle sonstigen Zutaten sind selbstverst\u00e4ndlich aus biologischem Anbau.<\/p>\t\t\t\t\t\t\t\t<\/div>\n\t\t\t\t<\/div>\n\t\t\t\t\t<\/div>\n\t\t<\/div>\n\t\t\t\t\t<\/div>\n\t\t<\/section>\n\t\t\t\t<\/div>\n\t\t","protected":false},"excerpt":{"rendered":"<p>Zur\u00fcck Weiter Artgerechte Haltung Ganz bewusst haben wir uns auf der Bannm\u00fchle auf die Vorteile einer alten, regionalen Rasse besonnen. Voraussetzung f\u00fcr eine optimale Fleischqualit\u00e4t ist neben der Genetik (Rasse) die artgerechte Haltung und F\u00fctterung der Tiere. Unsere drei\u00dfig K\u00fche werden zusammen mit einem Bullen und ihren K\u00e4lbern in einer Herde gehalten. Die K\u00e4lber bleiben &hellip; <\/p>\n<p class=\"link-more\"><a href=\"https:\/\/www.bannmuehle.de\/index.php\/rinderhaltung\/\" class=\"more-link\"><span class=\"screen-reader-text\">\u201eRinderhaltung\u201c<\/span> weiterlesen<\/a><\/p>\n","protected":false},"author":1,"featured_media":0,"parent":0,"menu_order":0,"comment_status":"closed","ping_status":"closed","template":"elementor_header_footer","meta":{"footnotes":""},"_links":{"self":[{"href":"https:\/\/www.bannmuehle.de\/index.php\/wp-json\/wp\/v2\/pages\/34"}],"collection":[{"href":"https:\/\/www.bannmuehle.de\/index.php\/wp-json\/wp\/v2\/pages"}],"about":[{"href":"https:\/\/www.bannmuehle.de\/index.php\/wp-json\/wp\/v2\/types\/page"}],"author":[{"embeddable":true,"href":"https:\/\/www.bannmuehle.de\/index.php\/wp-json\/wp\/v2\/users\/1"}],"replies":[{"embeddable":true,"href":"https:\/\/www.bannmuehle.de\/index.php\/wp-json\/wp\/v2\/comments?post=34"}],"version-history":[{"count":50,"href":"https:\/\/www.bannmuehle.de\/index.php\/wp-json\/wp\/v2\/pages\/34\/revisions"}],"predecessor-version":[{"id":1300,"href":"https:\/\/www.bannmuehle.de\/index.php\/wp-json\/wp\/v2\/pages\/34\/revisions\/1300"}],"wp:attachment":[{"href":"https:\/\/www.bannmuehle.de\/index.php\/wp-json\/wp\/v2\/media?parent=34"}],"curies":[{"name":"wp","href":"https:\/\/api.w.org\/{rel}","templated":true}]}}