{"id":657,"date":"2020-11-19T20:11:44","date_gmt":"2020-11-19T19:11:44","guid":{"rendered":"https:\/\/bannmuehle.wholewildworld.de\/?page_id=657"},"modified":"2025-01-24T23:28:12","modified_gmt":"2025-01-24T22:28:12","slug":"huehnerhaltung","status":"publish","type":"page","link":"https:\/\/www.bannmuehle.de\/index.php\/huehnerhaltung\/","title":{"rendered":"H\u00fchnerhaltung"},"content":{"rendered":"\t\t<div data-elementor-type=\"wp-page\" data-elementor-id=\"657\" class=\"elementor elementor-657\">\n\t\t\t\t\t\t<section class=\"elementor-section elementor-top-section elementor-element elementor-element-a26d271 elementor-section-boxed elementor-section-height-default elementor-section-height-default\" data-id=\"a26d271\" data-element_type=\"section\">\n\t\t\t\t\t\t<div class=\"elementor-container elementor-column-gap-default\">\n\t\t\t\t\t<div class=\"elementor-column elementor-col-100 elementor-top-column elementor-element elementor-element-75b2c0a\" data-id=\"75b2c0a\" data-element_type=\"column\">\n\t\t\t<div class=\"elementor-widget-wrap elementor-element-populated\">\n\t\t\t\t\t\t<div class=\"elementor-element elementor-element-62ed266 elementor-view-default elementor-widget elementor-widget-icon\" data-id=\"62ed266\" data-element_type=\"widget\" data-widget_type=\"icon.default\">\n\t\t\t\t<div class=\"elementor-widget-container\">\n\t\t\t\t\t\t\t<div class=\"elementor-icon-wrapper\">\n\t\t\t<div class=\"elementor-icon\">\n\t\t\t<i aria-hidden=\"true\" class=\"fas fa-egg\"><\/i>\t\t\t<\/div>\n\t\t<\/div>\n\t\t\t\t\t\t<\/div>\n\t\t\t\t<\/div>\n\t\t\t\t\t<\/div>\n\t\t<\/div>\n\t\t\t\t\t<\/div>\n\t\t<\/section>\n\t\t\t\t<section class=\"elementor-section elementor-top-section elementor-element elementor-element-a9e0212 elementor-section-boxed elementor-section-height-default elementor-section-height-default\" data-id=\"a9e0212\" data-element_type=\"section\">\n\t\t\t\t\t\t<div class=\"elementor-container elementor-column-gap-default\">\n\t\t\t\t\t<div class=\"elementor-column elementor-col-100 elementor-top-column elementor-element elementor-element-dfb9ec9\" data-id=\"dfb9ec9\" data-element_type=\"column\">\n\t\t\t<div class=\"elementor-widget-wrap elementor-element-populated\">\n\t\t\t\t\t\t<div class=\"elementor-element elementor-element-de01055 elementor-widget elementor-widget-text-editor\" data-id=\"de01055\" data-element_type=\"widget\" data-widget_type=\"text-editor.default\">\n\t\t\t\t<div class=\"elementor-widget-container\">\n\t\t\t\t\t\t\t\t\t<p>\u00a0Seit November 2020 wird unser H\u00fchnermobil von 150 Hennen und 4 H\u00e4hnen der Rasse Lohmann Brown von der Vereinigung <a href=\"https:\/\/www.das-oekohuhn.de\/\" target=\"_blank\" rel=\"noopener\">\u00d6kologische Tierzucht<\/a> der Anbauverb\u00e4nde Bioland und Demeter bewohnt.<\/p><p>H\u00fchner als Allesfresser f\u00fcgen sich optimal in das Gef\u00fcge zwischen Obstanbau, Sch\u00e4dlingsbek\u00e4mpfung und Rinderhaltung. Sie fressen heruntergefallenes Obst genau so wie Sch\u00e4dlinge, die sich in Fallobst vermehren und dann auch gesunde Fr\u00fcchte befallen (z.B. die Kirschessigfliege). Auf der Weide wiederum scharren sie die Kuhfladen auseinander und picken die Maden, die sonst zu l\u00e4stigen Fliegen f\u00fcr die K\u00fche w\u00fcrden. Gleichzeitig verteilen die H\u00fchner ihrerseits wieder Dung auf der Weide.<\/p>\t\t\t\t\t\t\t\t<\/div>\n\t\t\t\t<\/div>\n\t\t\t\t<div class=\"elementor-element elementor-element-4c91468 elementor-arrows-position-inside elementor-pagination-position-outside elementor-widget elementor-widget-image-carousel\" data-id=\"4c91468\" data-element_type=\"widget\" data-settings=\"{&quot;slides_to_show&quot;:&quot;1&quot;,&quot;navigation&quot;:&quot;both&quot;,&quot;autoplay&quot;:&quot;yes&quot;,&quot;pause_on_hover&quot;:&quot;yes&quot;,&quot;pause_on_interaction&quot;:&quot;yes&quot;,&quot;autoplay_speed&quot;:5000,&quot;infinite&quot;:&quot;yes&quot;,&quot;effect&quot;:&quot;slide&quot;,&quot;speed&quot;:500}\" data-widget_type=\"image-carousel.default\">\n\t\t\t\t<div class=\"elementor-widget-container\">\n\t\t\t\t\t\t\t<div class=\"elementor-image-carousel-wrapper swiper\" role=\"region\" aria-roledescription=\"carousel\" aria-label=\"Bild Karussell\" dir=\"ltr\">\n\t\t\t<div class=\"elementor-image-carousel swiper-wrapper\" aria-live=\"off\">\n\t\t\t\t\t\t\t\t<div class=\"swiper-slide\" role=\"group\" aria-roledescription=\"slide\" aria-label=\"1 von 7\"><a data-elementor-open-lightbox=\"yes\" data-elementor-lightbox-slideshow=\"4c91468\" data-elementor-lightbox-title=\"DSC01281\" data-e-action-hash=\"#elementor-action%3Aaction%3Dlightbox%26settings%3DeyJpZCI6MTg0NiwidXJsIjoiaHR0cHM6XC9cL3d3dy5iYW5ubXVlaGxlLmRlXC93cC1jb250ZW50XC91cGxvYWRzXC8yMDIyXC8wNVwvRFNDMDEyODEtc2NhbGVkLmpwZyIsInNsaWRlc2hvdyI6IjRjOTE0NjgifQ%3D%3D\" href=\"https:\/\/www.bannmuehle.de\/wp-content\/uploads\/2022\/05\/DSC01281-scaled.jpg\"><figure class=\"swiper-slide-inner\"><img decoding=\"async\" class=\"swiper-slide-image\" src=\"https:\/\/www.bannmuehle.de\/wp-content\/uploads\/2022\/05\/DSC01281-1024x576.jpg\" alt=\"DSC01281\" \/><\/figure><\/a><\/div><div class=\"swiper-slide\" role=\"group\" aria-roledescription=\"slide\" aria-label=\"2 von 7\"><a data-elementor-open-lightbox=\"yes\" data-elementor-lightbox-slideshow=\"4c91468\" data-elementor-lightbox-title=\"DSC01289\" data-e-action-hash=\"#elementor-action%3Aaction%3Dlightbox%26settings%3DeyJpZCI6MTg0NywidXJsIjoiaHR0cHM6XC9cL3d3dy5iYW5ubXVlaGxlLmRlXC93cC1jb250ZW50XC91cGxvYWRzXC8yMDIyXC8wNVwvRFNDMDEyODktc2NhbGVkLmpwZyIsInNsaWRlc2hvdyI6IjRjOTE0NjgifQ%3D%3D\" href=\"https:\/\/www.bannmuehle.de\/wp-content\/uploads\/2022\/05\/DSC01289-scaled.jpg\"><figure class=\"swiper-slide-inner\"><img decoding=\"async\" class=\"swiper-slide-image\" src=\"https:\/\/www.bannmuehle.de\/wp-content\/uploads\/2022\/05\/DSC01289-1024x576.jpg\" alt=\"DSC01289\" \/><\/figure><\/a><\/div><div class=\"swiper-slide\" role=\"group\" aria-roledescription=\"slide\" aria-label=\"3 von 7\"><a data-elementor-open-lightbox=\"yes\" data-elementor-lightbox-slideshow=\"4c91468\" data-elementor-lightbox-title=\"DSC01320\" data-e-action-hash=\"#elementor-action%3Aaction%3Dlightbox%26settings%3DeyJpZCI6MTg0OCwidXJsIjoiaHR0cHM6XC9cL3d3dy5iYW5ubXVlaGxlLmRlXC93cC1jb250ZW50XC91cGxvYWRzXC8yMDIyXC8wNVwvRFNDMDEzMjAtc2NhbGVkLmpwZyIsInNsaWRlc2hvdyI6IjRjOTE0NjgifQ%3D%3D\" href=\"https:\/\/www.bannmuehle.de\/wp-content\/uploads\/2022\/05\/DSC01320-scaled.jpg\"><figure class=\"swiper-slide-inner\"><img decoding=\"async\" class=\"swiper-slide-image\" src=\"https:\/\/www.bannmuehle.de\/wp-content\/uploads\/2022\/05\/DSC01320-1024x576.jpg\" alt=\"DSC01320\" \/><\/figure><\/a><\/div><div class=\"swiper-slide\" role=\"group\" aria-roledescription=\"slide\" aria-label=\"4 von 7\"><a data-elementor-open-lightbox=\"yes\" data-elementor-lightbox-slideshow=\"4c91468\" data-elementor-lightbox-title=\"DSC01359\" data-e-action-hash=\"#elementor-action%3Aaction%3Dlightbox%26settings%3DeyJpZCI6MTg0OSwidXJsIjoiaHR0cHM6XC9cL3d3dy5iYW5ubXVlaGxlLmRlXC93cC1jb250ZW50XC91cGxvYWRzXC8yMDIyXC8wNVwvRFNDMDEzNTktc2NhbGVkLmpwZyIsInNsaWRlc2hvdyI6IjRjOTE0NjgifQ%3D%3D\" href=\"https:\/\/www.bannmuehle.de\/wp-content\/uploads\/2022\/05\/DSC01359-scaled.jpg\"><figure class=\"swiper-slide-inner\"><img decoding=\"async\" class=\"swiper-slide-image\" src=\"https:\/\/www.bannmuehle.de\/wp-content\/uploads\/2022\/05\/DSC01359-1024x576.jpg\" alt=\"DSC01359\" \/><\/figure><\/a><\/div><div class=\"swiper-slide\" role=\"group\" aria-roledescription=\"slide\" aria-label=\"5 von 7\"><a data-elementor-open-lightbox=\"yes\" data-elementor-lightbox-slideshow=\"4c91468\" data-e-action-hash=\"#elementor-action%3Aaction%3Dlightbox%26settings%3DeyJpZCI6ODI1LCJ1cmwiOiJodHRwczpcL1wvd3d3LmJhbm5tdWVobGUuZGVcL3dwLWNvbnRlbnRcL3VwbG9hZHNcLzIwMjBcLzEyXC9JTUdfMjAyMDExMjhfMTUxNDU1LXNjYWxlZC5qcGciLCJzbGlkZXNob3ciOiI0YzkxNDY4In0%3D\" href=\"https:\/\/www.bannmuehle.de\/wp-content\/uploads\/2020\/12\/IMG_20201128_151455-scaled.jpg\"><figure class=\"swiper-slide-inner\"><img decoding=\"async\" class=\"swiper-slide-image\" src=\"https:\/\/www.bannmuehle.de\/wp-content\/uploads\/2020\/12\/IMG_20201128_151455-1024x576.jpg\" alt=\"\" \/><\/figure><\/a><\/div><div class=\"swiper-slide\" role=\"group\" aria-roledescription=\"slide\" aria-label=\"6 von 7\"><a data-elementor-open-lightbox=\"yes\" data-elementor-lightbox-slideshow=\"4c91468\" data-elementor-lightbox-title=\"DSC00071\" data-e-action-hash=\"#elementor-action%3Aaction%3Dlightbox%26settings%3DeyJpZCI6MTIyMywidXJsIjoiaHR0cHM6XC9cL3d3dy5iYW5ubXVlaGxlLmRlXC93cC1jb250ZW50XC91cGxvYWRzXC8yMDIxXC8wMlwvRFNDMDAwNzEtc2NhbGVkLmpwZyIsInNsaWRlc2hvdyI6IjRjOTE0NjgifQ%3D%3D\" href=\"https:\/\/www.bannmuehle.de\/wp-content\/uploads\/2021\/02\/DSC00071-scaled.jpg\"><figure class=\"swiper-slide-inner\"><img decoding=\"async\" class=\"swiper-slide-image\" src=\"https:\/\/www.bannmuehle.de\/wp-content\/uploads\/2021\/02\/DSC00071-1024x576.jpg\" alt=\"DSC00071\" \/><\/figure><\/a><\/div><div class=\"swiper-slide\" role=\"group\" aria-roledescription=\"slide\" aria-label=\"7 von 7\"><a data-elementor-open-lightbox=\"yes\" data-elementor-lightbox-slideshow=\"4c91468\" data-elementor-lightbox-title=\"DSC00054\" data-e-action-hash=\"#elementor-action%3Aaction%3Dlightbox%26settings%3DeyJpZCI6MTIyNCwidXJsIjoiaHR0cHM6XC9cL3d3dy5iYW5ubXVlaGxlLmRlXC93cC1jb250ZW50XC91cGxvYWRzXC8yMDIxXC8wMlwvRFNDMDAwNTQtc2NhbGVkLmpwZyIsInNsaWRlc2hvdyI6IjRjOTE0NjgifQ%3D%3D\" href=\"https:\/\/www.bannmuehle.de\/wp-content\/uploads\/2021\/02\/DSC00054-scaled.jpg\"><figure class=\"swiper-slide-inner\"><img decoding=\"async\" class=\"swiper-slide-image\" src=\"https:\/\/www.bannmuehle.de\/wp-content\/uploads\/2021\/02\/DSC00054-1024x576.jpg\" alt=\"DSC00054\" \/><\/figure><\/a><\/div>\t\t\t<\/div>\n\t\t\t\t\t\t\t\t\t\t\t\t<div class=\"elementor-swiper-button elementor-swiper-button-prev\" role=\"button\" tabindex=\"0\">\n\t\t\t\t\t\t<i aria-hidden=\"true\" class=\"eicon-chevron-left\"><\/i>\t\t\t\t\t<\/div>\n\t\t\t\t\t<div class=\"elementor-swiper-button elementor-swiper-button-next\" role=\"button\" tabindex=\"0\">\n\t\t\t\t\t\t<i aria-hidden=\"true\" class=\"eicon-chevron-right\"><\/i>\t\t\t\t\t<\/div>\n\t\t\t\t\n\t\t\t\t\t\t\t\t\t<div class=\"swiper-pagination\"><\/div>\n\t\t\t\t\t\t\t\t\t<\/div>\n\t\t\t\t\t\t<\/div>\n\t\t\t\t<\/div>\n\t\t\t\t\t<\/div>\n\t\t<\/div>\n\t\t\t\t\t<\/div>\n\t\t<\/section>\n\t\t\t\t<\/div>\n\t\t","protected":false},"excerpt":{"rendered":"<p>\u00a0Seit November 2020 wird unser H\u00fchnermobil von 150 Hennen und 4 H\u00e4hnen der Rasse Lohmann Brown von der Vereinigung \u00d6kologische Tierzucht der Anbauverb\u00e4nde Bioland und Demeter bewohnt. H\u00fchner als Allesfresser f\u00fcgen sich optimal in das Gef\u00fcge zwischen Obstanbau, Sch\u00e4dlingsbek\u00e4mpfung und Rinderhaltung. Sie fressen heruntergefallenes Obst genau so wie Sch\u00e4dlinge, die sich in Fallobst vermehren und &hellip; <\/p>\n<p class=\"link-more\"><a href=\"https:\/\/www.bannmuehle.de\/index.php\/huehnerhaltung\/\" class=\"more-link\"><span class=\"screen-reader-text\">\u201eH\u00fchnerhaltung\u201c<\/span> weiterlesen<\/a><\/p>\n","protected":false},"author":1,"featured_media":0,"parent":0,"menu_order":0,"comment_status":"closed","ping_status":"closed","template":"","meta":{"footnotes":""},"_links":{"self":[{"href":"https:\/\/www.bannmuehle.de\/index.php\/wp-json\/wp\/v2\/pages\/657"}],"collection":[{"href":"https:\/\/www.bannmuehle.de\/index.php\/wp-json\/wp\/v2\/pages"}],"about":[{"href":"https:\/\/www.bannmuehle.de\/index.php\/wp-json\/wp\/v2\/types\/page"}],"author":[{"embeddable":true,"href":"https:\/\/www.bannmuehle.de\/index.php\/wp-json\/wp\/v2\/users\/1"}],"replies":[{"embeddable":true,"href":"https:\/\/www.bannmuehle.de\/index.php\/wp-json\/wp\/v2\/comments?post=657"}],"version-history":[{"count":42,"href":"https:\/\/www.bannmuehle.de\/index.php\/wp-json\/wp\/v2\/pages\/657\/revisions"}],"predecessor-version":[{"id":2598,"href":"https:\/\/www.bannmuehle.de\/index.php\/wp-json\/wp\/v2\/pages\/657\/revisions\/2598"}],"wp:attachment":[{"href":"https:\/\/www.bannmuehle.de\/index.php\/wp-json\/wp\/v2\/media?parent=657"}],"curies":[{"name":"wp","href":"https:\/\/api.w.org\/{rel}","templated":true}]}}