{"id":943,"date":"2021-01-18T12:23:45","date_gmt":"2021-01-18T11:23:45","guid":{"rendered":"https:\/\/www.bannmuehle.de\/?page_id=943"},"modified":"2021-02-14T12:44:39","modified_gmt":"2021-02-14T11:44:39","slug":"elementor-943","status":"publish","type":"page","link":"https:\/\/www.bannmuehle.de\/index.php\/elementor-943\/","title":{"rendered":"Eierh\u00e4uschen"},"content":{"rendered":"\t\t<div data-elementor-type=\"wp-page\" data-elementor-id=\"943\" class=\"elementor elementor-943\">\n\t\t\t\t\t\t<section class=\"elementor-section elementor-top-section elementor-element elementor-element-e28875b elementor-section-boxed elementor-section-height-default elementor-section-height-default\" data-id=\"e28875b\" data-element_type=\"section\">\n\t\t\t\t\t\t<div class=\"elementor-container elementor-column-gap-default\">\n\t\t\t\t\t<div class=\"elementor-column elementor-col-100 elementor-top-column elementor-element elementor-element-c778c39\" data-id=\"c778c39\" data-element_type=\"column\">\n\t\t\t<div class=\"elementor-widget-wrap elementor-element-populated\">\n\t\t\t\t\t\t<div class=\"elementor-element elementor-element-c57adf5 elementor-widget elementor-widget-heading\" data-id=\"c57adf5\" data-element_type=\"widget\" data-widget_type=\"heading.default\">\n\t\t\t\t<div class=\"elementor-widget-container\">\n\t\t\t\t\t<h2 class=\"elementor-heading-title elementor-size-default\">Unser Eierverkaufhaus steht<\/h2>\t\t\t\t<\/div>\n\t\t\t\t<\/div>\n\t\t\t\t\t<\/div>\n\t\t<\/div>\n\t\t\t\t\t<\/div>\n\t\t<\/section>\n\t\t\t\t<section class=\"elementor-section elementor-top-section elementor-element elementor-element-efdcd11 elementor-section-boxed elementor-section-height-default elementor-section-height-default\" data-id=\"efdcd11\" data-element_type=\"section\">\n\t\t\t\t\t\t<div class=\"elementor-container elementor-column-gap-default\">\n\t\t\t\t\t<div class=\"elementor-column elementor-col-100 elementor-top-column elementor-element elementor-element-20ff1a3\" data-id=\"20ff1a3\" data-element_type=\"column\">\n\t\t\t<div class=\"elementor-widget-wrap elementor-element-populated\">\n\t\t\t\t\t\t<div class=\"elementor-element elementor-element-9f49f80 elementor-widget elementor-widget-text-editor\" data-id=\"9f49f80\" data-element_type=\"widget\" data-widget_type=\"text-editor.default\">\n\t\t\t\t<div class=\"elementor-widget-container\">\n\t\t\t\t\t\t\t\t\t<p>Das Eierh\u00e4uschen ist in Betrieb gegangen. <br \/>Hier k\u00f6nnt ihr jederzeit frische Eier von unseren H\u00fchnern bekommen. Nat\u00fcrlich gibt es auch in unserem Hofladen Eier von unseren H\u00fchnern.<\/p>\t\t\t\t\t\t\t\t<\/div>\n\t\t\t\t<\/div>\n\t\t\t\t<div class=\"elementor-element elementor-element-58668a2 elementor-arrows-position-inside elementor-pagination-position-outside elementor-widget elementor-widget-image-carousel\" data-id=\"58668a2\" data-element_type=\"widget\" data-settings=\"{&quot;slides_to_show&quot;:&quot;2&quot;,&quot;navigation&quot;:&quot;both&quot;,&quot;autoplay&quot;:&quot;yes&quot;,&quot;pause_on_hover&quot;:&quot;yes&quot;,&quot;pause_on_interaction&quot;:&quot;yes&quot;,&quot;autoplay_speed&quot;:5000,&quot;infinite&quot;:&quot;yes&quot;,&quot;speed&quot;:500}\" data-widget_type=\"image-carousel.default\">\n\t\t\t\t<div class=\"elementor-widget-container\">\n\t\t\t\t\t\t\t<div class=\"elementor-image-carousel-wrapper swiper\" role=\"region\" aria-roledescription=\"carousel\" aria-label=\"Bild Karussell\" dir=\"ltr\">\n\t\t\t<div class=\"elementor-image-carousel swiper-wrapper\" aria-live=\"off\">\n\t\t\t\t\t\t\t\t<div class=\"swiper-slide\" role=\"group\" aria-roledescription=\"slide\" aria-label=\"1 von 3\"><figure class=\"swiper-slide-inner\"><img decoding=\"async\" class=\"swiper-slide-image\" src=\"https:\/\/www.bannmuehle.de\/wp-content\/uploads\/2021\/01\/Eierhaus3-3.jpg\" alt=\"Eierhaus3\" \/><\/figure><\/div><div class=\"swiper-slide\" role=\"group\" aria-roledescription=\"slide\" aria-label=\"2 von 3\"><figure class=\"swiper-slide-inner\"><img decoding=\"async\" class=\"swiper-slide-image\" src=\"https:\/\/www.bannmuehle.de\/wp-content\/uploads\/2021\/01\/Eierhaus2-3.jpg\" alt=\"Eierhaus2\" \/><\/figure><\/div><div class=\"swiper-slide\" role=\"group\" aria-roledescription=\"slide\" aria-label=\"3 von 3\"><figure class=\"swiper-slide-inner\"><img decoding=\"async\" class=\"swiper-slide-image\" src=\"https:\/\/www.bannmuehle.de\/wp-content\/uploads\/2021\/01\/Eierhaus1-2.jpg\" alt=\"Eierhaus1\" \/><\/figure><\/div>\t\t\t<\/div>\n\t\t\t\t\t\t\t\t\t\t\t\t<div class=\"elementor-swiper-button elementor-swiper-button-prev\" role=\"button\" tabindex=\"0\">\n\t\t\t\t\t\t<i aria-hidden=\"true\" class=\"eicon-chevron-left\"><\/i>\t\t\t\t\t<\/div>\n\t\t\t\t\t<div class=\"elementor-swiper-button elementor-swiper-button-next\" role=\"button\" tabindex=\"0\">\n\t\t\t\t\t\t<i aria-hidden=\"true\" class=\"eicon-chevron-right\"><\/i>\t\t\t\t\t<\/div>\n\t\t\t\t\n\t\t\t\t\t\t\t\t\t<div class=\"swiper-pagination\"><\/div>\n\t\t\t\t\t\t\t\t\t<\/div>\n\t\t\t\t\t\t<\/div>\n\t\t\t\t<\/div>\n\t\t\t\t\t<\/div>\n\t\t<\/div>\n\t\t\t\t\t<\/div>\n\t\t<\/section>\n\t\t\t\t<\/div>\n\t\t","protected":false},"excerpt":{"rendered":"<p>Unser Eierverkaufhaus steht Das Eierh\u00e4uschen ist in Betrieb gegangen. Hier k\u00f6nnt ihr jederzeit frische Eier von unseren H\u00fchnern bekommen. Nat\u00fcrlich gibt es auch in unserem Hofladen Eier von unseren H\u00fchnern. Zur\u00fcck Weiter<\/p>\n","protected":false},"author":3,"featured_media":0,"parent":0,"menu_order":0,"comment_status":"closed","ping_status":"closed","template":"","meta":{"footnotes":""},"_links":{"self":[{"href":"https:\/\/www.bannmuehle.de\/index.php\/wp-json\/wp\/v2\/pages\/943"}],"collection":[{"href":"https:\/\/www.bannmuehle.de\/index.php\/wp-json\/wp\/v2\/pages"}],"about":[{"href":"https:\/\/www.bannmuehle.de\/index.php\/wp-json\/wp\/v2\/types\/page"}],"author":[{"embeddable":true,"href":"https:\/\/www.bannmuehle.de\/index.php\/wp-json\/wp\/v2\/users\/3"}],"replies":[{"embeddable":true,"href":"https:\/\/www.bannmuehle.de\/index.php\/wp-json\/wp\/v2\/comments?post=943"}],"version-history":[{"count":14,"href":"https:\/\/www.bannmuehle.de\/index.php\/wp-json\/wp\/v2\/pages\/943\/revisions"}],"predecessor-version":[{"id":1233,"href":"https:\/\/www.bannmuehle.de\/index.php\/wp-json\/wp\/v2\/pages\/943\/revisions\/1233"}],"wp:attachment":[{"href":"https:\/\/www.bannmuehle.de\/index.php\/wp-json\/wp\/v2\/media?parent=943"}],"curies":[{"name":"wp","href":"https:\/\/api.w.org\/{rel}","templated":true}]}}