{"id":974,"date":"2021-01-22T10:23:31","date_gmt":"2021-01-22T09:23:31","guid":{"rendered":"https:\/\/www.bannmuehle.de\/?page_id=974"},"modified":"2021-01-27T17:03:17","modified_gmt":"2021-01-27T16:03:17","slug":"elementor-974","status":"publish","type":"page","link":"https:\/\/www.bannmuehle.de\/index.php\/elementor-974\/","title":{"rendered":"Regenerative Landwirtschaft"},"content":{"rendered":"\t\t<div data-elementor-type=\"wp-page\" data-elementor-id=\"974\" class=\"elementor elementor-974\">\n\t\t\t\t\t\t<section class=\"elementor-section elementor-top-section elementor-element elementor-element-dd449d7 elementor-section-boxed elementor-section-height-default elementor-section-height-default\" data-id=\"dd449d7\" data-element_type=\"section\">\n\t\t\t\t\t\t<div class=\"elementor-container elementor-column-gap-default\">\n\t\t\t\t\t<div class=\"elementor-column elementor-col-100 elementor-top-column elementor-element elementor-element-bd68b32\" data-id=\"bd68b32\" data-element_type=\"column\">\n\t\t\t<div class=\"elementor-widget-wrap elementor-element-populated\">\n\t\t\t\t\t\t<div class=\"elementor-element elementor-element-9dd9149 elementor-widget elementor-widget-image\" data-id=\"9dd9149\" data-element_type=\"widget\" data-widget_type=\"image.default\">\n\t\t\t\t<div class=\"elementor-widget-container\">\n\t\t\t\t\t\t\t\t\t\t\t\t\t\t\t<img fetchpriority=\"high\" decoding=\"async\" width=\"1914\" height=\"1069\" src=\"https:\/\/www.bannmuehle.de\/wp-content\/uploads\/2021\/01\/Keylines-Maxdorf-1.jpg\" class=\"attachment-twentyseventeen-featured-image size-twentyseventeen-featured-image wp-image-989\" alt=\"\" srcset=\"https:\/\/www.bannmuehle.de\/wp-content\/uploads\/2021\/01\/Keylines-Maxdorf-1.jpg 1914w, https:\/\/www.bannmuehle.de\/wp-content\/uploads\/2021\/01\/Keylines-Maxdorf-1-300x168.jpg 300w, https:\/\/www.bannmuehle.de\/wp-content\/uploads\/2021\/01\/Keylines-Maxdorf-1-1024x572.jpg 1024w, https:\/\/www.bannmuehle.de\/wp-content\/uploads\/2021\/01\/Keylines-Maxdorf-1-768x429.jpg 768w, https:\/\/www.bannmuehle.de\/wp-content\/uploads\/2021\/01\/Keylines-Maxdorf-1-1536x858.jpg 1536w\" sizes=\"100vw\" \/>\t\t\t\t\t\t\t\t\t\t\t\t\t\t\t<\/div>\n\t\t\t\t<\/div>\n\t\t\t\t\t<\/div>\n\t\t<\/div>\n\t\t\t\t\t<\/div>\n\t\t<\/section>\n\t\t\t\t<section class=\"elementor-section elementor-top-section elementor-element elementor-element-0cc8360 elementor-section-boxed elementor-section-height-default elementor-section-height-default\" data-id=\"0cc8360\" data-element_type=\"section\">\n\t\t\t\t\t\t<div class=\"elementor-container elementor-column-gap-default\">\n\t\t\t\t\t<div class=\"elementor-column elementor-col-100 elementor-top-column elementor-element elementor-element-6dc5258\" data-id=\"6dc5258\" data-element_type=\"column\">\n\t\t\t<div class=\"elementor-widget-wrap elementor-element-populated\">\n\t\t\t\t\t\t<div class=\"elementor-element elementor-element-64e2ebd elementor-widget elementor-widget-text-editor\" data-id=\"64e2ebd\" data-element_type=\"widget\" data-widget_type=\"text-editor.default\">\n\t\t\t\t<div class=\"elementor-widget-container\">\n\t\t\t\t\t\t\t\t\t<p>Das Keyline-Design ist eine Methode mit der Niederschlage und sich sammelndes Wasser aus den Bergt\u00e4lern auf die Bergk\u00e4mme transportiert werden kann. Hierf\u00fcr werden mit einem speziellen Pflug enge Furchen in einer bestimmten Form in die Weide gezogen.<\/p><p>Erfunden wurde die Methode vom australischen Landwirt und Ingeniur P.A. Yeomans in den 50er Jahren. Durch die Anwendung dieser Methode k\u00f6nnen Wiesen und Felder fruchtbarer gemacht werden, da sich das Wasser gerade auf H\u00fcgeligen Gebieten besser verteilt und so weniger karge oder zu feuchte Stellen entstehen.<\/p><p>Insgesamt steigt also die Produktivit\u00e4t der Weiden, es k\u00f6nnen mehr Rinder direkt vom Gras leben und es muss weniger zugef\u00fcttert werden. Durch den entstandenen Raum im Boden haben die Weidepflanzen (Gr\u00e4ser, Kr\u00e4uter) die M\u00f6glichkeit, Tiefenwurzeln auszubilden. Dadurch haben sie einen besseren Wasser- und N\u00e4hrstoffzugang. Au\u00dferdem erh\u00f6ht sich die Dichte des Bewuchses \u2013 die physische Menge der Weidepflanzen erh\u00f6ht sich also auch. Durch die gr\u00f6\u00dfere Wurzelmenge kommt es auch zu einer erh\u00f6hten Einlagerung von CO2 \u2013 in Zeiten des Klimawandels ein nicht zu untersch\u00e4tzender Effekt. Denn Weidefl\u00e4chen sind gro\u00dfe Kohlenstoffsenken.<\/p><p>Zus\u00e4tzlich k\u00f6nnen an den enstandenen Linien auch Geh\u00f6lze gepflanzt werden, die von den besseren Bew\u00e4sserungsverh\u00e4ltnissen profitieren. Hans plant bereits eine eigene kleine Baumschule, um das konkret umzusetzen.<\/p><p>Im November 2020 konnte der erste Grundstein f\u00fcr ein umfangreiches Keyline-Design auf unseren Fl\u00e4chen gelegt werden. Unsere Freunde von <a href=\"https:\/\/permaglueck.de\/\">PermaGl\u00fcck<\/a> haben diesen besonderen Tag mit ihrem Kamera-Equipment verfolgt:<\/p>\t\t\t\t\t\t\t\t<\/div>\n\t\t\t\t<\/div>\n\t\t\t\t\t<\/div>\n\t\t<\/div>\n\t\t\t\t\t<\/div>\n\t\t<\/section>\n\t\t\t\t<section class=\"elementor-section elementor-top-section elementor-element elementor-element-92c0640 elementor-section-boxed elementor-section-height-default elementor-section-height-default\" data-id=\"92c0640\" data-element_type=\"section\">\n\t\t\t\t\t\t<div class=\"elementor-container elementor-column-gap-default\">\n\t\t\t\t\t<div class=\"elementor-column elementor-col-100 elementor-top-column elementor-element elementor-element-0f836b3\" data-id=\"0f836b3\" data-element_type=\"column\">\n\t\t\t<div class=\"elementor-widget-wrap elementor-element-populated\">\n\t\t\t\t\t\t<div class=\"elementor-element elementor-element-7815370 elementor-widget elementor-widget-video\" data-id=\"7815370\" data-element_type=\"widget\" data-settings=\"{&quot;youtube_url&quot;:&quot;https:\\\/\\\/www.youtube.com\\\/watch?v=dnaQuF16MJc&quot;,&quot;yt_privacy&quot;:&quot;yes&quot;,&quot;video_type&quot;:&quot;youtube&quot;,&quot;controls&quot;:&quot;yes&quot;}\" data-widget_type=\"video.default\">\n\t\t\t\t<div class=\"elementor-widget-container\">\n\t\t\t\t\t\t\t<div class=\"elementor-wrapper elementor-open-inline\">\n\t\t\t<div class=\"elementor-video\"><\/div>\t\t<\/div>\n\t\t\t\t\t\t<\/div>\n\t\t\t\t<\/div>\n\t\t\t\t\t<\/div>\n\t\t<\/div>\n\t\t\t\t\t<\/div>\n\t\t<\/section>\n\t\t\t\t<\/div>\n\t\t","protected":false},"excerpt":{"rendered":"<p>Das Keyline-Design ist eine Methode mit der Niederschlage und sich sammelndes Wasser aus den Bergt\u00e4lern auf die Bergk\u00e4mme transportiert werden kann. Hierf\u00fcr werden mit einem speziellen Pflug enge Furchen in einer bestimmten Form in die Weide gezogen. Erfunden wurde die Methode vom australischen Landwirt und Ingeniur P.A. Yeomans in den 50er Jahren. Durch die Anwendung &hellip; <\/p>\n<p class=\"link-more\"><a href=\"https:\/\/www.bannmuehle.de\/index.php\/elementor-974\/\" class=\"more-link\"><span class=\"screen-reader-text\">\u201eRegenerative Landwirtschaft\u201c<\/span> weiterlesen<\/a><\/p>\n","protected":false},"author":2,"featured_media":0,"parent":0,"menu_order":0,"comment_status":"closed","ping_status":"closed","template":"","meta":{"footnotes":""},"_links":{"self":[{"href":"https:\/\/www.bannmuehle.de\/index.php\/wp-json\/wp\/v2\/pages\/974"}],"collection":[{"href":"https:\/\/www.bannmuehle.de\/index.php\/wp-json\/wp\/v2\/pages"}],"about":[{"href":"https:\/\/www.bannmuehle.de\/index.php\/wp-json\/wp\/v2\/types\/page"}],"author":[{"embeddable":true,"href":"https:\/\/www.bannmuehle.de\/index.php\/wp-json\/wp\/v2\/users\/2"}],"replies":[{"embeddable":true,"href":"https:\/\/www.bannmuehle.de\/index.php\/wp-json\/wp\/v2\/comments?post=974"}],"version-history":[{"count":17,"href":"https:\/\/www.bannmuehle.de\/index.php\/wp-json\/wp\/v2\/pages\/974\/revisions"}],"predecessor-version":[{"id":997,"href":"https:\/\/www.bannmuehle.de\/index.php\/wp-json\/wp\/v2\/pages\/974\/revisions\/997"}],"wp:attachment":[{"href":"https:\/\/www.bannmuehle.de\/index.php\/wp-json\/wp\/v2\/media?parent=974"}],"curies":[{"name":"wp","href":"https:\/\/api.w.org\/{rel}","templated":true}]}}